{"id":7,"date":"2018-01-31T19:37:22","date_gmt":"2018-01-31T19:37:22","guid":{"rendered":"https:\/\/globalmentalhealth.ch\/?page_id=7"},"modified":"2019-01-08T16:37:43","modified_gmt":"2019-01-08T16:37:43","slug":"home","status":"publish","type":"page","link":"https:\/\/globalmentalhealth.ch\/","title":{"rendered":"Home"},"content":{"rendered":"<p class=\"style26\" style=\"text-align: center;\"><span class=\"style18\" lang=\"de\"><strong>MISSION<\/strong><\/span><\/p>\n<p class=\"style17\" style=\"text-align: center;\"><span class=\"style16\" lang=\"de\">Psychische Gesundheit ist ein lebenslanger Prozess und wird von vielen Faktoren beeinflusst. Die F\u00f6rderung von psychischer Gesundheit, auch im globalen Kontext, ist der Fokus des Vereins.<\/span><\/p>\n<p class=\"style26\" style=\"text-align: center;\"><span class=\"style16\" lang=\"de\"><strong>ZIELE<\/strong><\/span><\/p>\n<p class=\"style17\" style=\"text-align: center;\"><span class=\"style19\"><span class=\"style18\" lang=\"de\">Die F\u00f6rderung von psychischer Gesundheit, auch im globalen Kontext durch die Vermittlung von <\/span><span lang=\"de\"><span class=\"style18\"> Wissen zu Grundlagen, Risikofaktoren von psychischer Gesundheit, \u00fcber M\u00f6glichkeiten der Pr\u00e4vention von psychischen Erkrankungen und der Aufbau von <\/span><\/span> <span class=\"style18\" lang=\"de\">Vernetzungen, sind die Ziele des Vereins.<\/span><\/span><\/p>\n<p class=\"style22\" style=\"text-align: center;\"><a href=\"https:\/\/globalmentalhealth.ch\/?attachment_id=212\"><img loading=\"lazy\" decoding=\"async\" class=\"aligncenter wp-image-212 size-large\" src=\"https:\/\/globalmentalhealth.ch\/wp-content\/uploads\/2018\/02\/head_bild-1024x416.jpg\" alt=\"\" width=\"640\" height=\"260\" srcset=\"https:\/\/globalmentalhealth.ch\/wp-content\/uploads\/2018\/02\/head_bild-1024x416.jpg 1024w, https:\/\/globalmentalhealth.ch\/wp-content\/uploads\/2018\/02\/head_bild-300x122.jpg 300w, https:\/\/globalmentalhealth.ch\/wp-content\/uploads\/2018\/02\/head_bild-768x312.jpg 768w, https:\/\/globalmentalhealth.ch\/wp-content\/uploads\/2018\/02\/head_bild.jpg 1476w\" sizes=\"auto, (max-width: 640px) 100vw, 640px\" \/><\/a><\/p>\n<p class=\"style22\" style=\"text-align: center;\">\u00a0<span lang=\"de\">&#8230;&#8230;haben z.B. einen Einfluss auf Psychische Gesundheit.<\/span><\/p>\n<p class=\"style26\" style=\"text-align: center;\"><span class=\"style18\" lang=\"de\"><strong>KONKRET<\/strong><\/span><\/p>\n<p class=\"style22\" style=\"text-align: center;\"><a href=\"https:\/\/globalmentalhealth.ch\/?attachment_id=156\" rel=\"attachment wp-att-156\"><img loading=\"lazy\" decoding=\"async\" class=\"alignnone size-medium wp-image-156\" src=\"https:\/\/globalmentalhealth.ch\/wp-content\/uploads\/2018\/02\/flyer_de-300x170.jpg\" alt=\"\" width=\"300\" height=\"170\" srcset=\"https:\/\/globalmentalhealth.ch\/wp-content\/uploads\/2018\/02\/flyer_de-300x170.jpg 300w, https:\/\/globalmentalhealth.ch\/wp-content\/uploads\/2018\/02\/flyer_de-768x436.jpg 768w, https:\/\/globalmentalhealth.ch\/wp-content\/uploads\/2018\/02\/flyer_de-1024x582.jpg 1024w, https:\/\/globalmentalhealth.ch\/wp-content\/uploads\/2018\/02\/flyer_de.jpg 1355w\" sizes=\"auto, (max-width: 300px) 100vw, 300px\" \/><\/a><\/p>\n<p class=\"style32\" style=\"text-align: center;\"><span class=\"style18\" lang=\"de\"><strong>Bitte unterst\u00fctzen Sie unsere Arbeit. Danke<\/strong><\/span><\/p>\n<p><a href=\"https:\/\/globalmentalhealth.ch\/?attachment_id=394\" rel=\"attachment wp-att-394\"><img loading=\"lazy\" decoding=\"async\" class=\"size-medium wp-image-394 aligncenter\" src=\"https:\/\/globalmentalhealth.ch\/wp-content\/uploads\/2019\/01\/Membership_WFMH-300x218.jpg\" alt=\"\" width=\"300\" height=\"218\" srcset=\"https:\/\/globalmentalhealth.ch\/wp-content\/uploads\/2019\/01\/Membership_WFMH-300x218.jpg 300w, https:\/\/globalmentalhealth.ch\/wp-content\/uploads\/2019\/01\/Membership_WFMH.jpg 687w\" sizes=\"auto, (max-width: 300px) 100vw, 300px\" \/><\/a><\/p>\n","protected":false},"excerpt":{"rendered":"<p>MISSION Psychische Gesundheit ist ein lebenslanger Prozess und wird von vielen Faktoren beeinflusst. Die F\u00f6rderung von psychischer Gesundheit, auch im globalen Kontext, ist der Fokus des Vereins. ZIELE Die F\u00f6rderung von psychischer Gesundheit, auch im globalen Kontext durch die Vermittlung von Wissen zu Grundlagen, Risikofaktoren von psychischer Gesundheit, \u00fcber M\u00f6glichkeiten der Pr\u00e4vention von psychischen Erkrankungen [&hellip;]<\/p>\n","protected":false},"author":1,"featured_media":0,"parent":0,"menu_order":0,"comment_status":"closed","ping_status":"closed","template":"","meta":{"footnotes":""},"class_list":["post-7","page","type-page","status-publish","hentry"],"_links":{"self":[{"href":"https:\/\/globalmentalhealth.ch\/index.php?rest_route=\/wp\/v2\/pages\/7","targetHints":{"allow":["GET"]}}],"collection":[{"href":"https:\/\/globalmentalhealth.ch\/index.php?rest_route=\/wp\/v2\/pages"}],"about":[{"href":"https:\/\/globalmentalhealth.ch\/index.php?rest_route=\/wp\/v2\/types\/page"}],"author":[{"embeddable":true,"href":"https:\/\/globalmentalhealth.ch\/index.php?rest_route=\/wp\/v2\/users\/1"}],"replies":[{"embeddable":true,"href":"https:\/\/globalmentalhealth.ch\/index.php?rest_route=%2Fwp%2Fv2%2Fcomments&post=7"}],"version-history":[{"count":9,"href":"https:\/\/globalmentalhealth.ch\/index.php?rest_route=\/wp\/v2\/pages\/7\/revisions"}],"predecessor-version":[{"id":397,"href":"https:\/\/globalmentalhealth.ch\/index.php?rest_route=\/wp\/v2\/pages\/7\/revisions\/397"}],"wp:attachment":[{"href":"https:\/\/globalmentalhealth.ch\/index.php?rest_route=%2Fwp%2Fv2%2Fmedia&parent=7"}],"curies":[{"name":"wp","href":"https:\/\/api.w.org\/{rel}","templated":true}]}}