{"id":43,"date":"2018-01-31T19:55:22","date_gmt":"2018-01-31T19:55:22","guid":{"rendered":"https:\/\/globalmentalhealth.ch\/?page_id=43"},"modified":"2020-09-07T17:02:09","modified_gmt":"2020-09-07T17:02:09","slug":"archiv","status":"publish","type":"page","link":"https:\/\/globalmentalhealth.ch\/?page_id=43","title":{"rendered":"Archiv"},"content":{"rendered":"<p><span style=\"color: #0000ff;\">8) Bildergalerie des herausragenden Anlasses vom 19.08.2020 im Kr\u00e4utergarten der Firma Ricola in Nenzlingen\/CH. Wir sind der Firma Ricola sehr dankbar f\u00fcr diesen Vereinsanlass und den \u00e4usserst kompetenten Vortrag zu Kr\u00e4utern und Gesundheit\/ Mental Health.<\/span><\/p>\n<div id='gallery-1' class='gallery galleryid-43 gallery-columns-3 gallery-size-thumbnail'><figure class='gallery-item'>\n\t\t\t<div class='gallery-icon landscape'>\n\t\t\t\t<a href='https:\/\/globalmentalhealth.ch\/?attachment_id=528'><img loading=\"lazy\" decoding=\"async\" width=\"150\" height=\"150\" src=\"https:\/\/globalmentalhealth.ch\/wp-content\/uploads\/2020\/09\/Screenshot_2020-08-20-09-24-44-150x150.jpg\" class=\"attachment-thumbnail size-thumbnail\" alt=\"\" \/><\/a>\n\t\t\t<\/div><\/figure><figure class='gallery-item'>\n\t\t\t<div class='gallery-icon landscape'>\n\t\t\t\t<a href='https:\/\/globalmentalhealth.ch\/?attachment_id=529'><img loading=\"lazy\" decoding=\"async\" width=\"150\" height=\"150\" src=\"https:\/\/globalmentalhealth.ch\/wp-content\/uploads\/2020\/09\/Screenshot_2020-08-20-09-27-23-150x150.jpg\" class=\"attachment-thumbnail size-thumbnail\" alt=\"\" \/><\/a>\n\t\t\t<\/div><\/figure><figure class='gallery-item'>\n\t\t\t<div class='gallery-icon landscape'>\n\t\t\t\t<a href='https:\/\/globalmentalhealth.ch\/?attachment_id=527'><img loading=\"lazy\" decoding=\"async\" width=\"150\" height=\"150\" src=\"https:\/\/globalmentalhealth.ch\/wp-content\/uploads\/2020\/09\/Screenshot_2020-08-20-09-23-26-150x150.jpg\" class=\"attachment-thumbnail size-thumbnail\" alt=\"\" \/><\/a>\n\t\t\t<\/div><\/figure><figure class='gallery-item'>\n\t\t\t<div class='gallery-icon landscape'>\n\t\t\t\t<a href='https:\/\/globalmentalhealth.ch\/?attachment_id=525'><img loading=\"lazy\" decoding=\"async\" width=\"150\" height=\"150\" src=\"https:\/\/globalmentalhealth.ch\/wp-content\/uploads\/2020\/09\/IMG_3245-150x150.jpg\" class=\"attachment-thumbnail size-thumbnail\" alt=\"\" \/><\/a>\n\t\t\t<\/div><\/figure><figure class='gallery-item'>\n\t\t\t<div class='gallery-icon landscape'>\n\t\t\t\t<a href='https:\/\/globalmentalhealth.ch\/?attachment_id=526'><img loading=\"lazy\" decoding=\"async\" width=\"150\" height=\"150\" src=\"https:\/\/globalmentalhealth.ch\/wp-content\/uploads\/2020\/09\/Screenshot_2020-08-20-09-21-39-150x150.jpg\" class=\"attachment-thumbnail size-thumbnail\" alt=\"\" \/><\/a>\n\t\t\t<\/div><\/figure><figure class='gallery-item'>\n\t\t\t<div class='gallery-icon landscape'>\n\t\t\t\t<a href='https:\/\/globalmentalhealth.ch\/?attachment_id=524'><img loading=\"lazy\" decoding=\"async\" width=\"150\" height=\"150\" src=\"https:\/\/globalmentalhealth.ch\/wp-content\/uploads\/2020\/09\/IMG_3241-150x150.jpg\" class=\"attachment-thumbnail size-thumbnail\" alt=\"\" \/><\/a>\n\t\t\t<\/div><\/figure><figure class='gallery-item'>\n\t\t\t<div class='gallery-icon landscape'>\n\t\t\t\t<a href='https:\/\/globalmentalhealth.ch\/?attachment_id=523'><img loading=\"lazy\" decoding=\"async\" width=\"150\" height=\"150\" src=\"https:\/\/globalmentalhealth.ch\/wp-content\/uploads\/2020\/09\/IMG_3097-150x150.jpg\" class=\"attachment-thumbnail size-thumbnail\" alt=\"\" \/><\/a>\n\t\t\t<\/div><\/figure><figure class='gallery-item'>\n\t\t\t<div class='gallery-icon portrait'>\n\t\t\t\t<a href='https:\/\/globalmentalhealth.ch\/?attachment_id=522'><img loading=\"lazy\" decoding=\"async\" width=\"150\" height=\"150\" src=\"https:\/\/globalmentalhealth.ch\/wp-content\/uploads\/2020\/09\/IMG_3081b-150x150.jpg\" class=\"attachment-thumbnail size-thumbnail\" alt=\"\" \/><\/a>\n\t\t\t<\/div><\/figure><figure class='gallery-item'>\n\t\t\t<div class='gallery-icon landscape'>\n\t\t\t\t<a href='https:\/\/globalmentalhealth.ch\/?attachment_id=521'><img loading=\"lazy\" decoding=\"async\" width=\"150\" height=\"150\" src=\"https:\/\/globalmentalhealth.ch\/wp-content\/uploads\/2020\/09\/IMG_3055-150x150.jpg\" class=\"attachment-thumbnail size-thumbnail\" alt=\"\" \/><\/a>\n\t\t\t<\/div><\/figure><figure class='gallery-item'>\n\t\t\t<div class='gallery-icon landscape'>\n\t\t\t\t<a href='https:\/\/globalmentalhealth.ch\/?attachment_id=520'><img loading=\"lazy\" decoding=\"async\" width=\"150\" height=\"150\" src=\"https:\/\/globalmentalhealth.ch\/wp-content\/uploads\/2020\/09\/IMG_2986-150x150.jpg\" class=\"attachment-thumbnail size-thumbnail\" alt=\"\" \/><\/a>\n\t\t\t<\/div><\/figure>\n\t\t<\/div>\n\n<p><strong><span style=\"color: #3366ff;\">7) Macht das Fliegen frei &#8211; auch im Kopf &#8211; ein Bericht eines erfahrenen Piloten<\/span><br \/>\n<\/strong><\/p>\n<table style=\"border-collapse: collapse; width: 100%;\" border=\"1\">\n<tbody>\n<tr>\n<td style=\"width: 100%; text-align: center;\"><a href=\"https:\/\/youtu.be\/e1FpPSg8dZ4\" rel=\"attachment wp-att-479\"><img loading=\"lazy\" decoding=\"async\" class=\"size-full wp-image-479 aligncenter\" src=\"https:\/\/globalmentalhealth.ch\/wp-content\/uploads\/2019\/10\/Banner_Video_Fliegen_globalmentalhealth.jpg\" alt=\"\" width=\"913\" height=\"515\" srcset=\"https:\/\/globalmentalhealth.ch\/wp-content\/uploads\/2019\/10\/Banner_Video_Fliegen_globalmentalhealth.jpg 913w, https:\/\/globalmentalhealth.ch\/wp-content\/uploads\/2019\/10\/Banner_Video_Fliegen_globalmentalhealth-300x169.jpg 300w, https:\/\/globalmentalhealth.ch\/wp-content\/uploads\/2019\/10\/Banner_Video_Fliegen_globalmentalhealth-768x433.jpg 768w\" sizes=\"auto, (max-width: 913px) 100vw, 913px\" \/><\/a><\/td>\n<\/tr>\n<\/tbody>\n<\/table>\n<p><span style=\"color: #3366ff;\"><strong>6) TCM und Mental Health &#8211; Video Pr\u00e4sentation<\/strong><\/span><\/p>\n<table style=\"border-collapse: collapse; width: 100%;\" border=\"1\">\n<tbody>\n<tr>\n<td style=\"width: 50%;\"><a href=\"https:\/\/globalmentalhealth.ch\/?attachment_id=408\" rel=\"attachment wp-att-408\"><img loading=\"lazy\" decoding=\"async\" class=\"alignnone size-medium wp-image-408\" src=\"https:\/\/globalmentalhealth.ch\/wp-content\/uploads\/2019\/09\/Banner_Aktuell_Video-300x145.jpg\" alt=\"\" width=\"300\" height=\"145\" srcset=\"https:\/\/globalmentalhealth.ch\/wp-content\/uploads\/2019\/09\/Banner_Aktuell_Video-300x145.jpg 300w, https:\/\/globalmentalhealth.ch\/wp-content\/uploads\/2019\/09\/Banner_Aktuell_Video.jpg 474w\" sizes=\"auto, (max-width: 300px) 100vw, 300px\" \/><\/a><\/td>\n<td style=\"width: 50%; text-align: center;\"><a href=\"https:\/\/www.youtube.com\/watch?v=nzilwdQfSC0\" rel=\"attachment wp-att-322\"><img loading=\"lazy\" decoding=\"async\" class=\"aligncenter wp-image-322\" src=\"https:\/\/globalmentalhealth.ch\/wp-content\/uploads\/2018\/05\/logo_youtube-300x89.png\" alt=\"\" width=\"100\" height=\"30\" srcset=\"https:\/\/globalmentalhealth.ch\/wp-content\/uploads\/2018\/05\/logo_youtube-300x89.png 300w, https:\/\/globalmentalhealth.ch\/wp-content\/uploads\/2018\/05\/logo_youtube.png 475w\" sizes=\"auto, (max-width: 100px) 100vw, 100px\" \/><\/a><\/td>\n<\/tr>\n<\/tbody>\n<\/table>\n<p><span style=\"color: #3366ff;\"><strong>5) Musik und psychische Gesundheit<\/strong><\/span><\/p>\n<table style=\"border-collapse: collapse; width: 100%;\" border=\"1\">\n<tbody>\n<tr>\n<td style=\"width: 100%;\"><a href=\"https:\/\/www.zonerama.com\/Event25082017\/Album\/4625432\" rel=\"attachment wp-att-380\"><img loading=\"lazy\" decoding=\"async\" class=\"alignleft wp-image-380 size-medium\" src=\"https:\/\/globalmentalhealth.ch\/wp-content\/uploads\/2018\/09\/Banner_Anlass_12.09.2018-300x75.jpg\" alt=\"\" width=\"300\" height=\"75\" srcset=\"https:\/\/globalmentalhealth.ch\/wp-content\/uploads\/2018\/09\/Banner_Anlass_12.09.2018-300x75.jpg 300w, https:\/\/globalmentalhealth.ch\/wp-content\/uploads\/2018\/09\/Banner_Anlass_12.09.2018.jpg 708w\" sizes=\"auto, (max-width: 300px) 100vw, 300px\" \/><\/a><\/td>\n<\/tr>\n<tr>\n<td style=\"width: 100%;\"><a href=\"https:\/\/globalmentalhealth.ch\/?attachment_id=347\" rel=\"attachment wp-att-347\"><img loading=\"lazy\" decoding=\"async\" class=\"alignleft wp-image-347\" src=\"https:\/\/globalmentalhealth.ch\/wp-content\/uploads\/2018\/07\/Einladung-Konzertanlass-2018-1200x675.jpg\" alt=\"\" width=\"550\" height=\"309\" srcset=\"https:\/\/globalmentalhealth.ch\/wp-content\/uploads\/2018\/07\/Einladung-Konzertanlass-2018-1200x675.jpg 1200w, https:\/\/globalmentalhealth.ch\/wp-content\/uploads\/2018\/07\/Einladung-Konzertanlass-2018-300x169.jpg 300w, https:\/\/globalmentalhealth.ch\/wp-content\/uploads\/2018\/07\/Einladung-Konzertanlass-2018-768x432.jpg 768w, https:\/\/globalmentalhealth.ch\/wp-content\/uploads\/2018\/07\/Einladung-Konzertanlass-2018.jpg 1280w\" sizes=\"auto, (max-width: 550px) 100vw, 550px\" \/><\/a><\/td>\n<\/tr>\n<\/tbody>\n<\/table>\n<p><span style=\"color: #3366ff;\"><strong>4) Children and Mental Health\/Global Mental Health<\/strong><\/span><\/p>\n<table style=\"border-collapse: collapse; width: 100%;\" border=\"1\">\n<tbody>\n<tr>\n<td style=\"width: 100%;\"><a href=\"https:\/\/www.zonerama.com\/Link\/Album\/4069375\"><img loading=\"lazy\" decoding=\"async\" class=\"wp-image-112 size-medium alignleft\" src=\"https:\/\/globalmentalhealth.ch\/wp-content\/uploads\/2018\/02\/Button_deutsch_Anlass_25.08.2017-300x75.jpg\" alt=\"\" width=\"300\" height=\"75\" srcset=\"https:\/\/globalmentalhealth.ch\/wp-content\/uploads\/2018\/02\/Button_deutsch_Anlass_25.08.2017-300x75.jpg 300w, https:\/\/globalmentalhealth.ch\/wp-content\/uploads\/2018\/02\/Button_deutsch_Anlass_25.08.2017.jpg 472w\" sizes=\"auto, (max-width: 300px) 100vw, 300px\" \/><\/a><\/td>\n<\/tr>\n<tr>\n<td style=\"width: 100%;\"><a href=\"https:\/\/globalmentalhealth.ch\/?attachment_id=154\" rel=\"attachment wp-att-153\"><img loading=\"lazy\" decoding=\"async\" class=\"size-medium wp-image-153 alignleft\" src=\"https:\/\/globalmentalhealth.ch\/wp-content\/uploads\/2018\/02\/Banner_Vortrag_Paulus-300x136.jpg\" alt=\"\" width=\"300\" height=\"136\" srcset=\"https:\/\/globalmentalhealth.ch\/wp-content\/uploads\/2018\/02\/Banner_Vortrag_Paulus-300x136.jpg 300w, https:\/\/globalmentalhealth.ch\/wp-content\/uploads\/2018\/02\/Banner_Vortrag_Paulus.jpg 649w\" sizes=\"auto, (max-width: 300px) 100vw, 300px\" \/><\/a><\/td>\n<\/tr>\n<\/tbody>\n<\/table>\n<p><span style=\"color: #3366ff;\"><strong>3) Psychodrama\/Literature and Mental Health\/Global Mental Health<\/strong><\/span><\/p>\n<table style=\"border-collapse: collapse; width: 100%;\" border=\"1\">\n<tbody>\n<tr>\n<td style=\"width: 100%;\"><a href=\"https:\/\/www.zonerama.com\/Link\/Album\/4069387\"><img loading=\"lazy\" decoding=\"async\" class=\"wp-image-109 size-medium alignleft\" src=\"https:\/\/globalmentalhealth.ch\/wp-content\/uploads\/2018\/02\/Button_deutsch_Anlass_23.09.2016-300x75.jpg\" alt=\"\" width=\"300\" height=\"75\" srcset=\"https:\/\/globalmentalhealth.ch\/wp-content\/uploads\/2018\/02\/Button_deutsch_Anlass_23.09.2016-300x75.jpg 300w, https:\/\/globalmentalhealth.ch\/wp-content\/uploads\/2018\/02\/Button_deutsch_Anlass_23.09.2016.jpg 472w\" sizes=\"auto, (max-width: 300px) 100vw, 300px\" \/><\/a><\/td>\n<\/tr>\n<\/tbody>\n<\/table>\n<p><span style=\"color: #3366ff;\"><strong>2) Arts and Mental Health\/Global Mental Heath<\/strong><\/span><\/p>\n<table style=\"border-collapse: collapse; width: 100%;\" border=\"1\">\n<tbody>\n<tr>\n<td style=\"width: 100%;\"><a href=\"https:\/\/www.zonerama.com\/Link\/Album\/4069392\"><img loading=\"lazy\" decoding=\"async\" class=\"size-medium wp-image-111 alignleft\" src=\"https:\/\/globalmentalhealth.ch\/wp-content\/uploads\/2018\/02\/Button_deutsch_Anlass_28.11.2015-300x75.jpg\" alt=\"\" width=\"300\" height=\"75\" srcset=\"https:\/\/globalmentalhealth.ch\/wp-content\/uploads\/2018\/02\/Button_deutsch_Anlass_28.11.2015-300x75.jpg 300w, https:\/\/globalmentalhealth.ch\/wp-content\/uploads\/2018\/02\/Button_deutsch_Anlass_28.11.2015.jpg 472w\" sizes=\"auto, (max-width: 300px) 100vw, 300px\" \/><\/a><\/td>\n<\/tr>\n<\/tbody>\n<\/table>\n<p><span style=\"color: #3366ff;\"><strong>1) Mental Health\/Global Mental Health in Iran<\/strong><\/span><\/p>\n<table style=\"border-collapse: collapse; width: 100%;\" border=\"1\">\n<tbody>\n<tr>\n<td style=\"width: 100%;\">Die erste Veranstaltung des Vereins f\u00fcr psychische Gesundheit &#8211; globale psychische Gesundheit hat in Basel am 29.4.15 erfolgreich stattgefunden.<\/p>\n<p>Im Zentrum stand der eindr\u00fcckliche Vortrag von Fr. Agnes K\u00fcng zur psychischen Gesundheit im internationalen Kontext, exakt zu Aspekten von psychischer Gesundheit im Iran- Einblick in das Sozial- und Gesundheitssystem.<\/p>\n<p>Die einf\u00fchrende Pr\u00e4sentation zur globalen psychische Gesundheit wurde von Fr. Prof. Dr. Sabine B\u00e4hrer-Kohler, Pr\u00e4sidentin des Vereins, gehalten.<\/p>\n<p>Im folgenden finden Sie einige Impressionen von der gelungenen Veranstaltung.<\/td>\n<\/tr>\n<tr>\n<td style=\"width: 100%;\"><a href=\"https:\/\/www.zonerama.com\/Link\/Album\/4069394\"><img loading=\"lazy\" decoding=\"async\" class=\"size-medium wp-image-110 alignleft\" src=\"https:\/\/globalmentalhealth.ch\/wp-content\/uploads\/2018\/02\/Button_deutsch_Anlass_29.04.2015-300x75.jpg\" alt=\"\" width=\"300\" height=\"75\" srcset=\"https:\/\/globalmentalhealth.ch\/wp-content\/uploads\/2018\/02\/Button_deutsch_Anlass_29.04.2015-300x75.jpg 300w, https:\/\/globalmentalhealth.ch\/wp-content\/uploads\/2018\/02\/Button_deutsch_Anlass_29.04.2015.jpg 472w\" sizes=\"auto, (max-width: 300px) 100vw, 300px\" \/><\/a><\/td>\n<\/tr>\n<\/tbody>\n<\/table>\n","protected":false},"excerpt":{"rendered":"<p>8) Bildergalerie des herausragenden Anlasses vom 19.08.2020 im Kr\u00e4utergarten der Firma Ricola in Nenzlingen\/CH. Wir sind der Firma Ricola sehr dankbar f\u00fcr diesen Vereinsanlass und den \u00e4usserst kompetenten Vortrag zu Kr\u00e4utern und Gesundheit\/ Mental Health. 7) Macht das Fliegen frei &#8211; auch im Kopf &#8211; ein Bericht eines erfahrenen Piloten 6) TCM und Mental Health [&hellip;]<\/p>\n","protected":false},"author":1,"featured_media":0,"parent":0,"menu_order":0,"comment_status":"closed","ping_status":"closed","template":"","meta":{"footnotes":""},"class_list":["post-43","page","type-page","status-publish","hentry"],"_links":{"self":[{"href":"https:\/\/globalmentalhealth.ch\/index.php?rest_route=\/wp\/v2\/pages\/43","targetHints":{"allow":["GET"]}}],"collection":[{"href":"https:\/\/globalmentalhealth.ch\/index.php?rest_route=\/wp\/v2\/pages"}],"about":[{"href":"https:\/\/globalmentalhealth.ch\/index.php?rest_route=\/wp\/v2\/types\/page"}],"author":[{"embeddable":true,"href":"https:\/\/globalmentalhealth.ch\/index.php?rest_route=\/wp\/v2\/users\/1"}],"replies":[{"embeddable":true,"href":"https:\/\/globalmentalhealth.ch\/index.php?rest_route=%2Fwp%2Fv2%2Fcomments&post=43"}],"version-history":[{"count":28,"href":"https:\/\/globalmentalhealth.ch\/index.php?rest_route=\/wp\/v2\/pages\/43\/revisions"}],"predecessor-version":[{"id":535,"href":"https:\/\/globalmentalhealth.ch\/index.php?rest_route=\/wp\/v2\/pages\/43\/revisions\/535"}],"wp:attachment":[{"href":"https:\/\/globalmentalhealth.ch\/index.php?rest_route=%2Fwp%2Fv2%2Fmedia&parent=43"}],"curies":[{"name":"wp","href":"https:\/\/api.w.org\/{rel}","templated":true}]}}