{"id":42,"date":"2018-01-31T19:55:22","date_gmt":"2018-01-31T19:55:22","guid":{"rendered":"https:\/\/globalmentalhealth.ch\/?page_id=42"},"modified":"2025-04-15T20:59:27","modified_gmt":"2025-04-15T20:59:27","slug":"aktuell","status":"publish","type":"page","link":"https:\/\/globalmentalhealth.ch\/?page_id=42","title":{"rendered":"Aktuell"},"content":{"rendered":"\n<figure id=\"attachment_633\" aria-describedby=\"caption-attachment-633\" style=\"width: 300px\" class=\"wp-caption aligncenter\"><a href=\"https:\/\/globalmentalhealth.ch\/?attachment_id=633\" rel=\"attachment wp-att-633\"><img loading=\"lazy\" decoding=\"async\" class=\"wp-image-633 size-medium\" src=\"https:\/\/globalmentalhealth.ch\/wp-content\/uploads\/2025\/04\/WFMH-European-Parliament-April-2025_Page_1-300x241.jpeg\" alt=\"\" width=\"300\" height=\"241\" srcset=\"https:\/\/globalmentalhealth.ch\/wp-content\/uploads\/2025\/04\/WFMH-European-Parliament-April-2025_Page_1-300x241.jpeg 300w, https:\/\/globalmentalhealth.ch\/wp-content\/uploads\/2025\/04\/WFMH-European-Parliament-April-2025_Page_1-1200x963.jpeg 1200w, https:\/\/globalmentalhealth.ch\/wp-content\/uploads\/2025\/04\/WFMH-European-Parliament-April-2025_Page_1-768x616.jpeg 768w, https:\/\/globalmentalhealth.ch\/wp-content\/uploads\/2025\/04\/WFMH-European-Parliament-April-2025_Page_1.jpeg 1218w\" sizes=\"auto, (max-width: 300px) 100vw, 300px\" \/><\/a><figcaption id=\"caption-attachment-633\" class=\"wp-caption-text\">EU-Parlament-Rede April 2025 von unserer Pr\u00e4sidentin zu SGD&#8217;s und MH, MH in Europa und internationale Zusammenarbeit<\/figcaption><\/figure>\n\n\n\n<p><a href=\"https:\/\/globalmentalhealth.ch\/?attachment_id=617\" rel=\"attachment wp-att-617\"><img loading=\"lazy\" decoding=\"async\" class=\"alignnone size-full wp-image-617\" src=\"https:\/\/globalmentalhealth.ch\/wp-content\/uploads\/2023\/10\/Vereinsevent-30.9.23-_Page_1-scaled.jpeg\" alt=\"\" width=\"2560\" height=\"1440\" srcset=\"https:\/\/globalmentalhealth.ch\/wp-content\/uploads\/2023\/10\/Vereinsevent-30.9.23-_Page_1-scaled.jpeg 2560w, https:\/\/globalmentalhealth.ch\/wp-content\/uploads\/2023\/10\/Vereinsevent-30.9.23-_Page_1-300x169.jpeg 300w, https:\/\/globalmentalhealth.ch\/wp-content\/uploads\/2023\/10\/Vereinsevent-30.9.23-_Page_1-1200x675.jpeg 1200w, https:\/\/globalmentalhealth.ch\/wp-content\/uploads\/2023\/10\/Vereinsevent-30.9.23-_Page_1-768x432.jpeg 768w, https:\/\/globalmentalhealth.ch\/wp-content\/uploads\/2023\/10\/Vereinsevent-30.9.23-_Page_1-1536x864.jpeg 1536w, https:\/\/globalmentalhealth.ch\/wp-content\/uploads\/2023\/10\/Vereinsevent-30.9.23-_Page_1-2048x1152.jpeg 2048w\" sizes=\"auto, (max-width: 2560px) 100vw, 2560px\" \/><\/a><\/p>\n<p>&#8212;&#8212;&#8212;&#8212;&#8212;&#8212;&#8212;&#8212;&#8212;&#8212;&#8212;&#8212;&#8212;&#8212;&#8212;&#8212;&#8212;&#8212;&#8212;&#8212;&#8212;&#8212;&#8212;&#8212;&#8212;&#8212;&#8212;&#8212;&#8212;&#8212;&#8212;&#8212;&#8212;&#8212;&#8212;&#8212;&#8212;&#8212;&#8211;<\/p>\n\n\n\n<figure class=\"wp-block-gallery has-nested-images columns-default is-cropped wp-block-gallery-1 is-layout-flex wp-block-gallery-is-layout-flex\">\n<figure class=\"wp-block-image size-thumbnail\"><img loading=\"lazy\" decoding=\"async\" width=\"2560\" height=\"1538\" data-id=\"586\" src=\"https:\/\/globalmentalhealth.ch\/wp-content\/uploads\/2022\/05\/IMG_E1389-scaled.jpg\" alt=\"\" class=\"wp-image-586\" srcset=\"https:\/\/globalmentalhealth.ch\/wp-content\/uploads\/2022\/05\/IMG_E1389-scaled.jpg 2560w, https:\/\/globalmentalhealth.ch\/wp-content\/uploads\/2022\/05\/IMG_E1389-300x180.jpg 300w, https:\/\/globalmentalhealth.ch\/wp-content\/uploads\/2022\/05\/IMG_E1389-1200x721.jpg 1200w, https:\/\/globalmentalhealth.ch\/wp-content\/uploads\/2022\/05\/IMG_E1389-768x461.jpg 768w, https:\/\/globalmentalhealth.ch\/wp-content\/uploads\/2022\/05\/IMG_E1389-1536x923.jpg 1536w, https:\/\/globalmentalhealth.ch\/wp-content\/uploads\/2022\/05\/IMG_E1389-2048x1230.jpg 2048w\" sizes=\"auto, (max-width: 2560px) 100vw, 2560px\" \/><\/figure>\n\n\n\n<figure class=\"wp-block-image size-thumbnail\"><img loading=\"lazy\" decoding=\"async\" width=\"2515\" height=\"2560\" data-id=\"585\" src=\"https:\/\/globalmentalhealth.ch\/wp-content\/uploads\/2022\/05\/IMG_E1387-scaled.jpg\" alt=\"\" class=\"wp-image-585\" srcset=\"https:\/\/globalmentalhealth.ch\/wp-content\/uploads\/2022\/05\/IMG_E1387-scaled.jpg 2515w, https:\/\/globalmentalhealth.ch\/wp-content\/uploads\/2022\/05\/IMG_E1387-295x300.jpg 295w, https:\/\/globalmentalhealth.ch\/wp-content\/uploads\/2022\/05\/IMG_E1387-1179x1200.jpg 1179w, https:\/\/globalmentalhealth.ch\/wp-content\/uploads\/2022\/05\/IMG_E1387-768x782.jpg 768w, https:\/\/globalmentalhealth.ch\/wp-content\/uploads\/2022\/05\/IMG_E1387-1509x1536.jpg 1509w, https:\/\/globalmentalhealth.ch\/wp-content\/uploads\/2022\/05\/IMG_E1387-2012x2048.jpg 2012w\" sizes=\"auto, (max-width: 2515px) 100vw, 2515px\" \/><\/figure>\n\n\n\n<figure class=\"wp-block-image size-thumbnail\"><img loading=\"lazy\" decoding=\"async\" width=\"2560\" height=\"887\" data-id=\"584\" src=\"https:\/\/globalmentalhealth.ch\/wp-content\/uploads\/2022\/05\/IMG_E1386-scaled-e1652544250423.jpg\" alt=\"\" class=\"wp-image-584\" srcset=\"https:\/\/globalmentalhealth.ch\/wp-content\/uploads\/2022\/05\/IMG_E1386-scaled-e1652544250423.jpg 2560w, https:\/\/globalmentalhealth.ch\/wp-content\/uploads\/2022\/05\/IMG_E1386-scaled-e1652544250423-300x104.jpg 300w, https:\/\/globalmentalhealth.ch\/wp-content\/uploads\/2022\/05\/IMG_E1386-scaled-e1652544250423-1200x416.jpg 1200w, https:\/\/globalmentalhealth.ch\/wp-content\/uploads\/2022\/05\/IMG_E1386-scaled-e1652544250423-768x266.jpg 768w, https:\/\/globalmentalhealth.ch\/wp-content\/uploads\/2022\/05\/IMG_E1386-scaled-e1652544250423-1536x532.jpg 1536w, https:\/\/globalmentalhealth.ch\/wp-content\/uploads\/2022\/05\/IMG_E1386-scaled-e1652544250423-2048x710.jpg 2048w\" sizes=\"auto, (max-width: 2560px) 100vw, 2560px\" \/><\/figure>\n<figcaption class=\"blocks-gallery-caption\"><strong>Der n\u00e4chste Regen kommt bestimmt- vielleicht dann mit unserem wundersch\u00f6nen Schirm. Er passt gut in eine Handtasche und ist sturmerprobt.<\/strong><br><strong>Preis 40 CHF<\/strong>.<\/figcaption><\/figure>\n\n\n\n<p><\/p>\n\n\n\n<figure class=\"wp-block-image size-large\"><a href=\"https:\/\/globalmentalhealth.ch\/wp-content\/uploads\/2022\/03\/Einladung-zum-Vereinsevent-am-19.-August-2022.pdf\"><img loading=\"lazy\" decoding=\"async\" width=\"1200\" height=\"675\" src=\"https:\/\/globalmentalhealth.ch\/wp-content\/uploads\/2022\/03\/Einladung-zum-Vereinsevent-am-19.-August-2022_Page_1-1200x675.jpeg\" alt=\"\" class=\"wp-image-575\" srcset=\"https:\/\/globalmentalhealth.ch\/wp-content\/uploads\/2022\/03\/Einladung-zum-Vereinsevent-am-19.-August-2022_Page_1-1200x675.jpeg 1200w, https:\/\/globalmentalhealth.ch\/wp-content\/uploads\/2022\/03\/Einladung-zum-Vereinsevent-am-19.-August-2022_Page_1-300x169.jpeg 300w, https:\/\/globalmentalhealth.ch\/wp-content\/uploads\/2022\/03\/Einladung-zum-Vereinsevent-am-19.-August-2022_Page_1-768x432.jpeg 768w, https:\/\/globalmentalhealth.ch\/wp-content\/uploads\/2022\/03\/Einladung-zum-Vereinsevent-am-19.-August-2022_Page_1-1536x864.jpeg 1536w, https:\/\/globalmentalhealth.ch\/wp-content\/uploads\/2022\/03\/Einladung-zum-Vereinsevent-am-19.-August-2022_Page_1-2048x1152.jpeg 2048w\" sizes=\"auto, (max-width: 1200px) 100vw, 1200px\" \/><\/a><figcaption>NUR MIT ANMELDUNG \u00dcBER DIE PR\u00c4SIDENTIN DES VEREINS.<\/figcaption><\/figure>\n\n\n\n<p><\/p>\n\n\n\n<figure class=\"wp-block-image size-large\"><img loading=\"lazy\" decoding=\"async\" width=\"1200\" height=\"800\" src=\"https:\/\/globalmentalhealth.ch\/wp-content\/uploads\/2021\/05\/Kalender-2022_web.jpg\" alt=\"\" class=\"wp-image-543\" srcset=\"https:\/\/globalmentalhealth.ch\/wp-content\/uploads\/2021\/05\/Kalender-2022_web.jpg 1200w, https:\/\/globalmentalhealth.ch\/wp-content\/uploads\/2021\/05\/Kalender-2022_web-300x200.jpg 300w, https:\/\/globalmentalhealth.ch\/wp-content\/uploads\/2021\/05\/Kalender-2022_web-768x512.jpg 768w\" sizes=\"auto, (max-width: 1200px) 100vw, 1200px\" \/><figcaption><strong>Den Kalender k\u00f6nnen Sie gerne bei uns bestellen.<\/strong><br><strong>Er kostet 42 CHF im DIN A4 Format und 62 CHF im DIN A3 Format.<\/strong><\/figcaption><\/figure>\n\n\n\n<figure class=\"wp-block-image size-full is-resized\"><img loading=\"lazy\" decoding=\"async\" src=\"https:\/\/globalmentalhealth.ch\/wp-content\/uploads\/2021\/09\/Homoepathie.jpg\" alt=\"\" class=\"wp-image-557\" width=\"238\" height=\"259\" srcset=\"https:\/\/globalmentalhealth.ch\/wp-content\/uploads\/2021\/09\/Homoepathie.jpg 475w, https:\/\/globalmentalhealth.ch\/wp-content\/uploads\/2021\/09\/Homoepathie-276x300.jpg 276w\" sizes=\"auto, (max-width: 238px) 100vw, 238px\" \/><\/figure>\n\n\n\n<p>13.9.21<\/p>\n\n\n\n<p>Der Vereinsanlass am 18.9.21 zum Thema <strong>Komplement\u00e4rmedizin mit dem Schwerpunkt zur Hom\u00f6opathie und Mental Health<\/strong> mit der Expertin Frau Susanna H\u00e4usler muss coronabedingt abgesagt werden. Wir werden das Thema zu einem sp\u00e4teren Zeitpunkt gerne wieder aufgreifen. F\u00fcr alle Nachfragen dazu wenden Sie sich bitte direkt an die Pr\u00e4sidentin des Vereins. Das Handout zu Global Mental Health und Komplement\u00e4rmedizin von Fr. Prof. Dr. B\u00e4hrer-Kohler kann gerne bestellt werden.<\/p>\n\n\n\n<figure class=\"wp-block-image size-large\"><a href=\"https:\/\/wfmh.global\/wp-content\/uploads\/WMHD2020_v16_resized.pdf\"><img loading=\"lazy\" decoding=\"async\" width=\"714\" height=\"274\" src=\"https:\/\/globalmentalhealth.ch\/wp-content\/uploads\/2020\/09\/Logo_World_Mental_Health_Day_2020.png\" alt=\"\" class=\"wp-image-538\" srcset=\"https:\/\/globalmentalhealth.ch\/wp-content\/uploads\/2020\/09\/Logo_World_Mental_Health_Day_2020.png 714w, https:\/\/globalmentalhealth.ch\/wp-content\/uploads\/2020\/09\/Logo_World_Mental_Health_Day_2020-300x115.png 300w\" sizes=\"auto, (max-width: 714px) 100vw, 714px\" \/><\/a><\/figure>\n\n\n<p><a href=\"https:\/\/globalmentalhealth.ch\/wp-content\/uploads\/2020\/09\/Artikel_Haeuser_der_Gesundheit.pdf\">Artikel geplante H\u00e4user der Gesundheit<\/a><\/p>\n<table style=\"border-collapse: collapse; width: 100%;\" border=\"1\">\n<tbody>\n<tr>\n<td style=\"width: 100%; text-align: center;\"><a href=\"https:\/\/youtu.be\/e1FpPSg8dZ4\" rel=\"attachment wp-att-479\"><img loading=\"lazy\" decoding=\"async\" class=\"size-full wp-image-479 aligncenter\" src=\"https:\/\/globalmentalhealth.ch\/wp-content\/uploads\/2019\/10\/Banner_Video_Fliegen_globalmentalhealth.jpg\" alt=\"\" width=\"913\" height=\"515\" srcset=\"https:\/\/globalmentalhealth.ch\/wp-content\/uploads\/2019\/10\/Banner_Video_Fliegen_globalmentalhealth.jpg 913w, https:\/\/globalmentalhealth.ch\/wp-content\/uploads\/2019\/10\/Banner_Video_Fliegen_globalmentalhealth-300x169.jpg 300w, https:\/\/globalmentalhealth.ch\/wp-content\/uploads\/2019\/10\/Banner_Video_Fliegen_globalmentalhealth-768x433.jpg 768w\" sizes=\"auto, (max-width: 913px) 100vw, 913px\" \/><\/a><\/td>\n<\/tr>\n<tr>\n<td style=\"width: 100%; text-align: center;\"><span style=\"font-family: arial, helvetica, sans-serif;\">&#8211; Banner klicken um das Video zu sehen &#8211;<\/span><\/td>\n<\/tr>\n<\/tbody>\n<\/table>\n<table style=\"border-collapse: collapse; width: 100%;\" border=\"1\">\n<tbody>\n<tr>\n<td style=\"width: 100%;\"><img loading=\"lazy\" decoding=\"async\" class=\"aligncenter\" src=\"https:\/\/globalmentalhealth.ch\/wp-content\/uploads\/2019\/09\/Banner_Aktuell_Video.jpg\" alt=\"Dieses Bild hat ein leeres Alt-Attribut. Der Dateiname ist Banner_Aktuell_Video.jpg\" width=\"223\" height=\"108\" \/><\/td>\n<\/tr>\n<tr>\n<td style=\"width: 100%;\"><a href=\"https:\/\/youtu.be\/21UcRdhK7es\"><img loading=\"lazy\" decoding=\"async\" class=\"aligncenter\" src=\"https:\/\/globalmentalhealth.ch\/wp-content\/uploads\/2018\/05\/logo_youtube.png\" alt=\"\" width=\"114\" height=\"34\" \/><\/a><\/td>\n<\/tr>\n<\/tbody>\n<\/table>\n<table style=\"border-collapse: collapse; width: 100%;\" border=\"1\">\n<tbody>\n<tr>\n<td style=\"width: 100%;\"><a href=\"https:\/\/globalmentalhealth.ch\/?page_id=298\"><img loading=\"lazy\" decoding=\"async\" class=\"aligncenter wp-image-273 size-full\" src=\"https:\/\/globalmentalhealth.ch\/wp-content\/uploads\/2018\/04\/Button_Kartenspiel_2018.jpg\" alt=\"\" width=\"472\" height=\"59\" srcset=\"https:\/\/globalmentalhealth.ch\/wp-content\/uploads\/2018\/04\/Button_Kartenspiel_2018.jpg 472w, https:\/\/globalmentalhealth.ch\/wp-content\/uploads\/2018\/04\/Button_Kartenspiel_2018-300x38.jpg 300w\" sizes=\"auto, (max-width: 472px) 100vw, 472px\" \/><\/a><\/td>\n<\/tr>\n<tr>\n<td style=\"width: 100%; text-align: center;\"><a href=\"https:\/\/globalmentalhealth.ch\/?attachment_id=333\" rel=\"attachment wp-att-333\"><img loading=\"lazy\" decoding=\"async\" class=\"wp-image-333 aligncenter\" src=\"https:\/\/globalmentalhealth.ch\/wp-content\/uploads\/2018\/06\/Bild_Kartenspiel_2018.png\" alt=\"\" width=\"134\" height=\"200\" \/><\/a> PRAEVI-BRAVO Ein Kartenspiel f\u00fcr Kinder<\/td>\n<\/tr>\n<tr>\n<td style=\"width: 100%; text-align: center;\">\n<p>Aktuell: Video zum Kartenspiel<\/p>\n<p><a href=\"https:\/\/youtu.be\/ODo9i9QyYuE\" rel=\"attachment wp-att-322\"><img loading=\"lazy\" decoding=\"async\" class=\"wp-image-322 aligncenter\" src=\"https:\/\/globalmentalhealth.ch\/wp-content\/uploads\/2018\/05\/logo_youtube-300x89.png\" alt=\"\" width=\"100\" height=\"30\" srcset=\"https:\/\/globalmentalhealth.ch\/wp-content\/uploads\/2018\/05\/logo_youtube-300x89.png 300w, https:\/\/globalmentalhealth.ch\/wp-content\/uploads\/2018\/05\/logo_youtube.png 475w\" sizes=\"auto, (max-width: 100px) 100vw, 100px\" \/><\/a><\/p>\n<\/td>\n<\/tr>\n<\/tbody>\n<\/table>\n<table style=\"border-collapse: collapse; width: 100%;\" border=\"1\">\n<tbody>\n<tr>\n<td style=\"width: 100%;\"><a href=\"https:\/\/globalmentalhealth.ch\/?attachment_id=148\" rel=\"attachment wp-att-143\"><img loading=\"lazy\" decoding=\"async\" class=\"size-medium wp-image-143 aligncenter\" src=\"https:\/\/globalmentalhealth.ch\/wp-content\/uploads\/2018\/02\/Banner_Artikel_Psych-300x67.jpg\" alt=\"\" width=\"300\" height=\"67\" srcset=\"https:\/\/globalmentalhealth.ch\/wp-content\/uploads\/2018\/02\/Banner_Artikel_Psych-300x67.jpg 300w, https:\/\/globalmentalhealth.ch\/wp-content\/uploads\/2018\/02\/Banner_Artikel_Psych-768x172.jpg 768w, https:\/\/globalmentalhealth.ch\/wp-content\/uploads\/2018\/02\/Banner_Artikel_Psych-1024x229.jpg 1024w, https:\/\/globalmentalhealth.ch\/wp-content\/uploads\/2018\/02\/Banner_Artikel_Psych.jpg 1486w\" sizes=\"auto, (max-width: 300px) 100vw, 300px\" \/><\/a><\/td>\n<\/tr>\n<tr>\n<td style=\"width: 100%;\"><a href=\"https:\/\/globalmentalhealth.ch\/?attachment_id=147\" rel=\"attachment wp-att-144\"><img loading=\"lazy\" decoding=\"async\" class=\"size-medium wp-image-144 aligncenter\" src=\"https:\/\/globalmentalhealth.ch\/wp-content\/uploads\/2018\/02\/Logo_IJCFM-300x61.jpg\" alt=\"\" width=\"300\" height=\"61\" srcset=\"https:\/\/globalmentalhealth.ch\/wp-content\/uploads\/2018\/02\/Logo_IJCFM-300x61.jpg 300w, https:\/\/globalmentalhealth.ch\/wp-content\/uploads\/2018\/02\/Logo_IJCFM-768x156.jpg 768w, https:\/\/globalmentalhealth.ch\/wp-content\/uploads\/2018\/02\/Logo_IJCFM-1024x208.jpg 1024w, https:\/\/globalmentalhealth.ch\/wp-content\/uploads\/2018\/02\/Logo_IJCFM.jpg 1376w\" sizes=\"auto, (max-width: 300px) 100vw, 300px\" \/><\/a><\/td>\n<\/tr>\n<tr>\n<td style=\"width: 100%;\"><a href=\"https:\/\/globalmentalhealth.ch\/?attachment_id=146\"><img loading=\"lazy\" decoding=\"async\" class=\"size-medium wp-image-145 aligncenter\" src=\"https:\/\/globalmentalhealth.ch\/wp-content\/uploads\/2018\/02\/Button_2018_Artikel_deutsch-300x75.jpg\" alt=\"\" width=\"300\" height=\"75\" srcset=\"https:\/\/globalmentalhealth.ch\/wp-content\/uploads\/2018\/02\/Button_2018_Artikel_deutsch-300x75.jpg 300w, https:\/\/globalmentalhealth.ch\/wp-content\/uploads\/2018\/02\/Button_2018_Artikel_deutsch.jpg 472w\" sizes=\"auto, (max-width: 300px) 100vw, 300px\" \/><\/a><\/td>\n<\/tr>\n<tr>\n<td style=\"width: 100%;\"><a href=\"https:\/\/globalmentalhealth.ch\/?attachment_id=231\" rel=\"attachment wp-att-231\"><img loading=\"lazy\" decoding=\"async\" class=\"size-medium wp-image-231 aligncenter\" src=\"https:\/\/globalmentalhealth.ch\/wp-content\/uploads\/2018\/02\/Buch_Global_Health-210x300.png\" alt=\"\" width=\"210\" height=\"300\" srcset=\"https:\/\/globalmentalhealth.ch\/wp-content\/uploads\/2018\/02\/Buch_Global_Health-210x300.png 210w, https:\/\/globalmentalhealth.ch\/wp-content\/uploads\/2018\/02\/Buch_Global_Health.png 545w\" sizes=\"auto, (max-width: 210px) 100vw, 210px\" \/><\/a><\/td>\n<\/tr>\n<\/tbody>\n<\/table>\n\n\n<div class=\"wp-block-media-text alignwide\"><figure class=\"wp-block-media-text__media\"><\/figure><div class=\"wp-block-media-text__content\">\n<p><\/p>\n<\/div><\/div>\n","protected":false},"excerpt":{"rendered":"<p>&#8212;&#8212;&#8212;&#8212;&#8212;&#8212;&#8212;&#8212;&#8212;&#8212;&#8212;&#8212;&#8212;&#8212;&#8212;&#8212;&#8212;&#8212;&#8212;&#8212;&#8212;&#8212;&#8212;&#8212;&#8212;&#8212;&#8212;&#8212;&#8212;&#8212;&#8212;&#8212;&#8212;&#8212;&#8212;&#8212;&#8212;&#8212;&#8211; 13.9.21 Der Vereinsanlass am 18.9.21 zum Thema Komplement\u00e4rmedizin mit dem Schwerpunkt zur Hom\u00f6opathie und Mental Health mit der Expertin Frau Susanna H\u00e4usler muss coronabedingt abgesagt werden. Wir werden das Thema zu einem sp\u00e4teren Zeitpunkt gerne wieder aufgreifen. F\u00fcr alle Nachfragen dazu wenden Sie sich bitte direkt an die Pr\u00e4sidentin des Vereins. Das Handout zu [&hellip;]<\/p>\n","protected":false},"author":1,"featured_media":0,"parent":0,"menu_order":0,"comment_status":"closed","ping_status":"closed","template":"","meta":{"footnotes":""},"class_list":["post-42","page","type-page","status-publish","hentry"],"_links":{"self":[{"href":"https:\/\/globalmentalhealth.ch\/index.php?rest_route=\/wp\/v2\/pages\/42","targetHints":{"allow":["GET"]}}],"collection":[{"href":"https:\/\/globalmentalhealth.ch\/index.php?rest_route=\/wp\/v2\/pages"}],"about":[{"href":"https:\/\/globalmentalhealth.ch\/index.php?rest_route=\/wp\/v2\/types\/page"}],"author":[{"embeddable":true,"href":"https:\/\/globalmentalhealth.ch\/index.php?rest_route=\/wp\/v2\/users\/1"}],"replies":[{"embeddable":true,"href":"https:\/\/globalmentalhealth.ch\/index.php?rest_route=%2Fwp%2Fv2%2Fcomments&post=42"}],"version-history":[{"count":58,"href":"https:\/\/globalmentalhealth.ch\/index.php?rest_route=\/wp\/v2\/pages\/42\/revisions"}],"predecessor-version":[{"id":636,"href":"https:\/\/globalmentalhealth.ch\/index.php?rest_route=\/wp\/v2\/pages\/42\/revisions\/636"}],"wp:attachment":[{"href":"https:\/\/globalmentalhealth.ch\/index.php?rest_route=%2Fwp%2Fv2%2Fmedia&parent=42"}],"curies":[{"name":"wp","href":"https:\/\/api.w.org\/{rel}","templated":true}]}}