{"id":41,"date":"2018-01-31T19:55:22","date_gmt":"2018-01-31T19:55:22","guid":{"rendered":"https:\/\/globalmentalhealth.ch\/?page_id=41"},"modified":"2025-08-17T14:10:41","modified_gmt":"2025-08-17T14:10:41","slug":"veranstaltungen","status":"publish","type":"page","link":"https:\/\/globalmentalhealth.ch\/?page_id=41","title":{"rendered":"Veranstaltungen"},"content":{"rendered":"\n<p><a href=\"https:\/\/globalmentalhealth.ch\/?attachment_id=646\" rel=\"attachment wp-att-646\"><img loading=\"lazy\" decoding=\"async\" class=\"alignnone size-full wp-image-646 alignleft\" src=\"https:\/\/globalmentalhealth.ch\/wp-content\/uploads\/2025\/08\/Unser-Vereinsevent-2025-scaled.jpg\" alt=\"\" width=\"2560\" height=\"1440\" srcset=\"https:\/\/globalmentalhealth.ch\/wp-content\/uploads\/2025\/08\/Unser-Vereinsevent-2025-scaled.jpg 2560w, https:\/\/globalmentalhealth.ch\/wp-content\/uploads\/2025\/08\/Unser-Vereinsevent-2025-300x169.jpg 300w, https:\/\/globalmentalhealth.ch\/wp-content\/uploads\/2025\/08\/Unser-Vereinsevent-2025-1200x675.jpg 1200w, https:\/\/globalmentalhealth.ch\/wp-content\/uploads\/2025\/08\/Unser-Vereinsevent-2025-768x432.jpg 768w, https:\/\/globalmentalhealth.ch\/wp-content\/uploads\/2025\/08\/Unser-Vereinsevent-2025-1536x864.jpg 1536w, https:\/\/globalmentalhealth.ch\/wp-content\/uploads\/2025\/08\/Unser-Vereinsevent-2025-2048x1152.jpg 2048w\" sizes=\"auto, (max-width: 2560px) 100vw, 2560px\" \/><\/a><\/p>\n\n\n\n<p>\u00a0<\/p>\n<p>\u00a0<\/p>\n<p><a href=\"https:\/\/globalmentalhealth.ch\/?attachment_id=659\" rel=\"attachment wp-att-659\"><img loading=\"lazy\" decoding=\"async\" class=\"alignnone size-full wp-image-659\" src=\"https:\/\/globalmentalhealth.ch\/wp-content\/uploads\/2025\/08\/Anlass_2025-scaled.jpg\" alt=\"\" width=\"2560\" height=\"2107\" srcset=\"https:\/\/globalmentalhealth.ch\/wp-content\/uploads\/2025\/08\/Anlass_2025-scaled.jpg 2560w, https:\/\/globalmentalhealth.ch\/wp-content\/uploads\/2025\/08\/Anlass_2025-300x247.jpg 300w, https:\/\/globalmentalhealth.ch\/wp-content\/uploads\/2025\/08\/Anlass_2025-1200x988.jpg 1200w, https:\/\/globalmentalhealth.ch\/wp-content\/uploads\/2025\/08\/Anlass_2025-768x632.jpg 768w, https:\/\/globalmentalhealth.ch\/wp-content\/uploads\/2025\/08\/Anlass_2025-1536x1264.jpg 1536w, https:\/\/globalmentalhealth.ch\/wp-content\/uploads\/2025\/08\/Anlass_2025-2048x1686.jpg 2048w\" sizes=\"auto, (max-width: 2560px) 100vw, 2560px\" \/><\/a><a href=\"https:\/\/globalmentalhealth.ch\/?attachment_id=625\" rel=\"attachment wp-att-625\"><img loading=\"lazy\" decoding=\"async\" class=\"wp-image-625 size-large aligncenter\" src=\"https:\/\/globalmentalhealth.ch\/wp-content\/uploads\/2024\/09\/Final-Vereinsevent-10.8.24_Page_1-1200x675.jpeg\" alt=\"\" width=\"640\" height=\"360\" srcset=\"https:\/\/globalmentalhealth.ch\/wp-content\/uploads\/2024\/09\/Final-Vereinsevent-10.8.24_Page_1-1200x675.jpeg 1200w, https:\/\/globalmentalhealth.ch\/wp-content\/uploads\/2024\/09\/Final-Vereinsevent-10.8.24_Page_1-300x169.jpeg 300w, https:\/\/globalmentalhealth.ch\/wp-content\/uploads\/2024\/09\/Final-Vereinsevent-10.8.24_Page_1-768x432.jpeg 768w, https:\/\/globalmentalhealth.ch\/wp-content\/uploads\/2024\/09\/Final-Vereinsevent-10.8.24_Page_1-1536x864.jpeg 1536w, https:\/\/globalmentalhealth.ch\/wp-content\/uploads\/2024\/09\/Final-Vereinsevent-10.8.24_Page_1-2048x1152.jpeg 2048w\" sizes=\"auto, (max-width: 640px) 100vw, 640px\" \/><\/a><a href=\"https:\/\/globalmentalhealth.ch\/?attachment_id=624\" rel=\"attachment wp-att-624\"><img loading=\"lazy\" decoding=\"async\" class=\"aligncenter wp-image-624 size-medium\" src=\"https:\/\/globalmentalhealth.ch\/wp-content\/uploads\/2024\/09\/Bild_Event_2024-300x225.jpg\" alt=\"\" width=\"300\" height=\"225\" srcset=\"https:\/\/globalmentalhealth.ch\/wp-content\/uploads\/2024\/09\/Bild_Event_2024-300x225.jpg 300w, https:\/\/globalmentalhealth.ch\/wp-content\/uploads\/2024\/09\/Bild_Event_2024-1200x900.jpg 1200w, https:\/\/globalmentalhealth.ch\/wp-content\/uploads\/2024\/09\/Bild_Event_2024-768x576.jpg 768w, https:\/\/globalmentalhealth.ch\/wp-content\/uploads\/2024\/09\/Bild_Event_2024-1536x1152.jpg 1536w, https:\/\/globalmentalhealth.ch\/wp-content\/uploads\/2024\/09\/Bild_Event_2024-2048x1536.jpg 2048w\" sizes=\"auto, (max-width: 300px) 100vw, 300px\" \/><\/a><\/p>\n\n\n\n<p><\/p>\n\n\n\n<p><\/p>\n\n\n\n<p><\/p>\n\n\n\n<p><\/p>\n\n\n\n<p><\/p>\n\n\n\n<p><\/p>\n\n\n\n<p><\/p>\n\n\n\n<p><\/p>\n\n\n\n<p><\/p>\n\n\n\n<p>Beitrag des Vereins zum World Mental Health Day 2023<\/p>\n\n\n\n<p><a href=\"https:\/\/e.pcloud.link\/publink\/show?code=XZscgWZCRgt9hSWPhJADX9r8toSy0S5BsPy\">https:\/\/e.pcloud.link\/publink\/show?code=XZscgWZCRgt9hSWPhJADX9r8toSy0S5BsPy<\/a><\/p>\n\n\n\n<p><\/p>\n\n\n\n<p><\/p>\n\n\n\n<p>&#8212;&#8212;&#8212;&#8212;&#8212;&#8212;&#8212;&#8212;&#8212;&#8212;&#8212;&#8212;&#8212;&#8212;&#8212;&#8212;&#8212;&#8212;&#8212;&#8212;&#8212;&#8212;&#8212;&#8212;&#8212;&#8212;&#8212;&#8212;&#8212;&#8212;&#8212;&#8212;&#8212;&#8212;&#8212;&#8212;&#8212;&#8212;&#8211;<\/p>\n\n\n\n<p>Jahresevent 2023 im September 2023 zum Thema Frauengesundheit und Mental Health<\/p>\n\n\n\n<p><img loading=\"lazy\" decoding=\"async\" width=\"200\" height=\"150\" class=\"wp-image-603\" style=\"width: 200px;\" src=\"https:\/\/globalmentalhealth.ch\/wp-content\/uploads\/2023\/10\/IMG_8432-scaled.jpg\" alt=\"\" srcset=\"https:\/\/globalmentalhealth.ch\/wp-content\/uploads\/2023\/10\/IMG_8432-scaled.jpg 2560w, https:\/\/globalmentalhealth.ch\/wp-content\/uploads\/2023\/10\/IMG_8432-300x225.jpg 300w, https:\/\/globalmentalhealth.ch\/wp-content\/uploads\/2023\/10\/IMG_8432-1200x900.jpg 1200w, https:\/\/globalmentalhealth.ch\/wp-content\/uploads\/2023\/10\/IMG_8432-768x576.jpg 768w, https:\/\/globalmentalhealth.ch\/wp-content\/uploads\/2023\/10\/IMG_8432-1536x1152.jpg 1536w, https:\/\/globalmentalhealth.ch\/wp-content\/uploads\/2023\/10\/IMG_8432-2048x1536.jpg 2048w\" sizes=\"auto, (max-width: 200px) 100vw, 200px\" \/> <img loading=\"lazy\" decoding=\"async\" width=\"200\" height=\"267\" class=\"wp-image-604\" style=\"width: 200px;\" src=\"https:\/\/globalmentalhealth.ch\/wp-content\/uploads\/2023\/10\/IMG_8437-scaled.jpg\" alt=\"\" srcset=\"https:\/\/globalmentalhealth.ch\/wp-content\/uploads\/2023\/10\/IMG_8437-scaled.jpg 1920w, https:\/\/globalmentalhealth.ch\/wp-content\/uploads\/2023\/10\/IMG_8437-225x300.jpg 225w, https:\/\/globalmentalhealth.ch\/wp-content\/uploads\/2023\/10\/IMG_8437-900x1200.jpg 900w, https:\/\/globalmentalhealth.ch\/wp-content\/uploads\/2023\/10\/IMG_8437-768x1024.jpg 768w, https:\/\/globalmentalhealth.ch\/wp-content\/uploads\/2023\/10\/IMG_8437-1152x1536.jpg 1152w, https:\/\/globalmentalhealth.ch\/wp-content\/uploads\/2023\/10\/IMG_8437-1536x2048.jpg 1536w\" sizes=\"auto, (max-width: 200px) 100vw, 200px\" \/> <img loading=\"lazy\" decoding=\"async\" width=\"200\" height=\"150\" class=\"wp-image-605\" style=\"width: 200px;\" src=\"https:\/\/globalmentalhealth.ch\/wp-content\/uploads\/2023\/10\/IMG_8439-scaled.jpg\" alt=\"\" srcset=\"https:\/\/globalmentalhealth.ch\/wp-content\/uploads\/2023\/10\/IMG_8439-scaled.jpg 2560w, https:\/\/globalmentalhealth.ch\/wp-content\/uploads\/2023\/10\/IMG_8439-300x225.jpg 300w, https:\/\/globalmentalhealth.ch\/wp-content\/uploads\/2023\/10\/IMG_8439-1200x900.jpg 1200w, https:\/\/globalmentalhealth.ch\/wp-content\/uploads\/2023\/10\/IMG_8439-768x576.jpg 768w, https:\/\/globalmentalhealth.ch\/wp-content\/uploads\/2023\/10\/IMG_8439-1536x1152.jpg 1536w, https:\/\/globalmentalhealth.ch\/wp-content\/uploads\/2023\/10\/IMG_8439-2048x1536.jpg 2048w\" sizes=\"auto, (max-width: 200px) 100vw, 200px\" \/><\/p>\n\n\n\n<p>&#8212;&#8212;&#8212;&#8212;&#8212;&#8212;&#8212;&#8212;&#8212;&#8212;&#8212;&#8212;&#8212;&#8212;&#8212;&#8212;&#8212;&#8212;&#8212;&#8212;&#8212;&#8212;&#8212;&#8212;&#8212;&#8212;&#8212;&#8212;&#8212;&#8212;&#8212;&#8212;&#8212;&#8212;&#8212;&#8212;&#8212;&#8212;&#8211;<\/p>\n\n\n\n<figure class=\"wp-block-image size-large is-style-default\"><a href=\"https:\/\/globalmentalhealth.ch\/wp-content\/uploads\/2022\/03\/Einladung-zum-Vereinsevent-am-19.-August-2022.pdf\"><img loading=\"lazy\" decoding=\"async\" width=\"1200\" height=\"675\" src=\"https:\/\/globalmentalhealth.ch\/wp-content\/uploads\/2022\/03\/Einladung-zum-Vereinsevent-am-19.-August-2022_Page_1-1200x675.jpeg\" alt=\"\" class=\"wp-image-575\" srcset=\"https:\/\/globalmentalhealth.ch\/wp-content\/uploads\/2022\/03\/Einladung-zum-Vereinsevent-am-19.-August-2022_Page_1-1200x675.jpeg 1200w, https:\/\/globalmentalhealth.ch\/wp-content\/uploads\/2022\/03\/Einladung-zum-Vereinsevent-am-19.-August-2022_Page_1-300x169.jpeg 300w, https:\/\/globalmentalhealth.ch\/wp-content\/uploads\/2022\/03\/Einladung-zum-Vereinsevent-am-19.-August-2022_Page_1-768x432.jpeg 768w, https:\/\/globalmentalhealth.ch\/wp-content\/uploads\/2022\/03\/Einladung-zum-Vereinsevent-am-19.-August-2022_Page_1-1536x864.jpeg 1536w, https:\/\/globalmentalhealth.ch\/wp-content\/uploads\/2022\/03\/Einladung-zum-Vereinsevent-am-19.-August-2022_Page_1-2048x1152.jpeg 2048w\" sizes=\"auto, (max-width: 1200px) 100vw, 1200px\" \/><\/a><figcaption class=\"wp-element-caption\">Impressionen<\/figcaption><\/figure>\n\n\n\n<div id='gallery-1' class='gallery galleryid-41 gallery-columns-3 gallery-size-medium'><figure class='gallery-item'>\n\t\t\t<div class='gallery-icon landscape'>\n\t\t\t\t<a href='https:\/\/globalmentalhealth.ch\/?attachment_id=595'><img loading=\"lazy\" decoding=\"async\" width=\"300\" height=\"225\" src=\"https:\/\/globalmentalhealth.ch\/wp-content\/uploads\/2022\/08\/IMG_2793-300x225.jpg\" class=\"attachment-medium size-medium\" alt=\"\" srcset=\"https:\/\/globalmentalhealth.ch\/wp-content\/uploads\/2022\/08\/IMG_2793-300x225.jpg 300w, https:\/\/globalmentalhealth.ch\/wp-content\/uploads\/2022\/08\/IMG_2793-1200x900.jpg 1200w, https:\/\/globalmentalhealth.ch\/wp-content\/uploads\/2022\/08\/IMG_2793-768x576.jpg 768w, https:\/\/globalmentalhealth.ch\/wp-content\/uploads\/2022\/08\/IMG_2793-1536x1152.jpg 1536w, https:\/\/globalmentalhealth.ch\/wp-content\/uploads\/2022\/08\/IMG_2793-2048x1536.jpg 2048w\" sizes=\"auto, (max-width: 300px) 100vw, 300px\" \/><\/a>\n\t\t\t<\/div><\/figure><figure class='gallery-item'>\n\t\t\t<div class='gallery-icon landscape'>\n\t\t\t\t<a href='https:\/\/globalmentalhealth.ch\/?attachment_id=596'><img loading=\"lazy\" decoding=\"async\" width=\"300\" height=\"225\" src=\"https:\/\/globalmentalhealth.ch\/wp-content\/uploads\/2022\/08\/IMG_2794-300x225.jpg\" class=\"attachment-medium size-medium\" alt=\"\" srcset=\"https:\/\/globalmentalhealth.ch\/wp-content\/uploads\/2022\/08\/IMG_2794-300x225.jpg 300w, https:\/\/globalmentalhealth.ch\/wp-content\/uploads\/2022\/08\/IMG_2794-1200x900.jpg 1200w, https:\/\/globalmentalhealth.ch\/wp-content\/uploads\/2022\/08\/IMG_2794-768x576.jpg 768w, https:\/\/globalmentalhealth.ch\/wp-content\/uploads\/2022\/08\/IMG_2794-1536x1152.jpg 1536w, https:\/\/globalmentalhealth.ch\/wp-content\/uploads\/2022\/08\/IMG_2794-2048x1536.jpg 2048w\" sizes=\"auto, (max-width: 300px) 100vw, 300px\" \/><\/a>\n\t\t\t<\/div><\/figure><figure class='gallery-item'>\n\t\t\t<div class='gallery-icon landscape'>\n\t\t\t\t<a href='https:\/\/globalmentalhealth.ch\/?attachment_id=597'><img loading=\"lazy\" decoding=\"async\" width=\"300\" height=\"225\" src=\"https:\/\/globalmentalhealth.ch\/wp-content\/uploads\/2022\/08\/IMG_2808-300x225.jpg\" class=\"attachment-medium size-medium\" alt=\"\" srcset=\"https:\/\/globalmentalhealth.ch\/wp-content\/uploads\/2022\/08\/IMG_2808-300x225.jpg 300w, https:\/\/globalmentalhealth.ch\/wp-content\/uploads\/2022\/08\/IMG_2808-1200x900.jpg 1200w, https:\/\/globalmentalhealth.ch\/wp-content\/uploads\/2022\/08\/IMG_2808-768x576.jpg 768w, https:\/\/globalmentalhealth.ch\/wp-content\/uploads\/2022\/08\/IMG_2808-1536x1152.jpg 1536w, https:\/\/globalmentalhealth.ch\/wp-content\/uploads\/2022\/08\/IMG_2808-2048x1536.jpg 2048w\" sizes=\"auto, (max-width: 300px) 100vw, 300px\" \/><\/a>\n\t\t\t<\/div><\/figure><figure class='gallery-item'>\n\t\t\t<div class='gallery-icon portrait'>\n\t\t\t\t<a href='https:\/\/globalmentalhealth.ch\/?attachment_id=598'><img loading=\"lazy\" decoding=\"async\" width=\"225\" height=\"300\" src=\"https:\/\/globalmentalhealth.ch\/wp-content\/uploads\/2022\/08\/IMG_2799-225x300.jpg\" class=\"attachment-medium size-medium\" alt=\"\" srcset=\"https:\/\/globalmentalhealth.ch\/wp-content\/uploads\/2022\/08\/IMG_2799-225x300.jpg 225w, https:\/\/globalmentalhealth.ch\/wp-content\/uploads\/2022\/08\/IMG_2799-900x1200.jpg 900w, https:\/\/globalmentalhealth.ch\/wp-content\/uploads\/2022\/08\/IMG_2799-768x1024.jpg 768w, https:\/\/globalmentalhealth.ch\/wp-content\/uploads\/2022\/08\/IMG_2799-1152x1536.jpg 1152w, https:\/\/globalmentalhealth.ch\/wp-content\/uploads\/2022\/08\/IMG_2799-1536x2048.jpg 1536w, https:\/\/globalmentalhealth.ch\/wp-content\/uploads\/2022\/08\/IMG_2799-scaled.jpg 1920w\" sizes=\"auto, (max-width: 225px) 100vw, 225px\" \/><\/a>\n\t\t\t<\/div><\/figure>\n\t\t<\/div>\n\n\n\n\n<p><\/p>\n\n\n\n<p><strong>&#8212;&#8212;&#8212;&#8212;&#8212;&#8212;&#8212;&#8212;&#8212;&#8212;&#8212;&#8212;&#8212;&#8212;&#8212;&#8212;&#8212;&#8212;&#8212;&#8212;&#8212;&#8212;&#8212;&#8212;&#8212;&#8212;&#8212;&#8212;&#8212;&#8212;&#8212;&#8212;&#8212;&#8212;&#8212;&#8212;&#8212;&#8212;&#8211;<\/strong><\/p>\n\n\n\n<figure class=\"wp-block-image size-large is-resized\"><img loading=\"lazy\" decoding=\"async\" width=\"475\" height=\"517\" src=\"https:\/\/globalmentalhealth.ch\/wp-content\/uploads\/2021\/09\/Homoepathie.jpg\" alt=\"\" class=\"wp-image-557\" style=\"width:238px;height:259px\" srcset=\"https:\/\/globalmentalhealth.ch\/wp-content\/uploads\/2021\/09\/Homoepathie.jpg 475w, https:\/\/globalmentalhealth.ch\/wp-content\/uploads\/2021\/09\/Homoepathie-276x300.jpg 276w\" sizes=\"auto, (max-width: 475px) 100vw, 475px\" \/><\/figure>\n\n\n\n<p><strong>Wir werden die Veranstaltung am 28.05.2022 durchf\u00fchren. Bei Interesse bitte bei der Pr\u00e4sidentin melden.<\/strong><\/p>\n\n\n\n<p>Das geplante Thema im Jahre 2021 war <strong>Komplement\u00e4rmedizin mit dem Schwerpunkt zur Hom\u00f6opathie und Mental Health. <\/strong>Leider musste der Event am 18.9.21 coronabedingt abgesagt werden.<\/p>\n\n\n<p><a href=\"https:\/\/globalmentalhealth.ch\/?attachment_id=511\" rel=\"attachment wp-att-511\"><img loading=\"lazy\" decoding=\"async\" class=\"alignnone size-full wp-image-511\" src=\"https:\/\/globalmentalhealth.ch\/wp-content\/uploads\/2020\/01\/Kraeuter_2020.jpg\" alt=\"\" width=\"504\" height=\"292\" srcset=\"https:\/\/globalmentalhealth.ch\/wp-content\/uploads\/2020\/01\/Kraeuter_2020.jpg 504w, https:\/\/globalmentalhealth.ch\/wp-content\/uploads\/2020\/01\/Kraeuter_2020-300x174.jpg 300w\" sizes=\"auto, (max-width: 504px) 100vw, 504px\" \/><\/a><\/p>\n<p>Kr\u00e4uter und Mental Health wird das Thema des Vereins im 2020 sein<\/p>\n<p>Bildergalerie des herausragenden Anlasses vom 19.08.2020 im Kr\u00e4utergarten der Firma Ricola in Nenzlingen\/CH. Wir sind der Firma Ricola sehr dankbar f\u00fcr diesen Vereinsanlass und den \u00e4usserst kompetenten Vortrag zu Kr\u00e4utern und Gesundheit\/ Mental Health.<\/p>\n<div id='gallery-2' class='gallery galleryid-41 gallery-columns-3 gallery-size-thumbnail'><figure class='gallery-item'>\n\t\t\t<div class='gallery-icon landscape'>\n\t\t\t\t<a href='https:\/\/globalmentalhealth.ch\/?attachment_id=529'><img loading=\"lazy\" decoding=\"async\" width=\"150\" height=\"150\" src=\"https:\/\/globalmentalhealth.ch\/wp-content\/uploads\/2020\/09\/Screenshot_2020-08-20-09-27-23-150x150.jpg\" class=\"attachment-thumbnail size-thumbnail\" alt=\"\" \/><\/a>\n\t\t\t<\/div><\/figure><figure class='gallery-item'>\n\t\t\t<div class='gallery-icon landscape'>\n\t\t\t\t<a href='https:\/\/globalmentalhealth.ch\/?attachment_id=528'><img loading=\"lazy\" decoding=\"async\" width=\"150\" height=\"150\" src=\"https:\/\/globalmentalhealth.ch\/wp-content\/uploads\/2020\/09\/Screenshot_2020-08-20-09-24-44-150x150.jpg\" class=\"attachment-thumbnail size-thumbnail\" alt=\"\" \/><\/a>\n\t\t\t<\/div><\/figure><figure class='gallery-item'>\n\t\t\t<div class='gallery-icon landscape'>\n\t\t\t\t<a href='https:\/\/globalmentalhealth.ch\/?attachment_id=527'><img loading=\"lazy\" decoding=\"async\" width=\"150\" height=\"150\" src=\"https:\/\/globalmentalhealth.ch\/wp-content\/uploads\/2020\/09\/Screenshot_2020-08-20-09-23-26-150x150.jpg\" class=\"attachment-thumbnail size-thumbnail\" alt=\"\" \/><\/a>\n\t\t\t<\/div><\/figure><figure class='gallery-item'>\n\t\t\t<div class='gallery-icon landscape'>\n\t\t\t\t<a href='https:\/\/globalmentalhealth.ch\/?attachment_id=525'><img loading=\"lazy\" decoding=\"async\" width=\"150\" height=\"150\" src=\"https:\/\/globalmentalhealth.ch\/wp-content\/uploads\/2020\/09\/IMG_3245-150x150.jpg\" class=\"attachment-thumbnail size-thumbnail\" alt=\"\" \/><\/a>\n\t\t\t<\/div><\/figure><figure class='gallery-item'>\n\t\t\t<div class='gallery-icon landscape'>\n\t\t\t\t<a href='https:\/\/globalmentalhealth.ch\/?attachment_id=526'><img loading=\"lazy\" decoding=\"async\" width=\"150\" height=\"150\" src=\"https:\/\/globalmentalhealth.ch\/wp-content\/uploads\/2020\/09\/Screenshot_2020-08-20-09-21-39-150x150.jpg\" class=\"attachment-thumbnail size-thumbnail\" alt=\"\" \/><\/a>\n\t\t\t<\/div><\/figure><figure class='gallery-item'>\n\t\t\t<div class='gallery-icon landscape'>\n\t\t\t\t<a href='https:\/\/globalmentalhealth.ch\/?attachment_id=524'><img loading=\"lazy\" decoding=\"async\" width=\"150\" height=\"150\" src=\"https:\/\/globalmentalhealth.ch\/wp-content\/uploads\/2020\/09\/IMG_3241-150x150.jpg\" class=\"attachment-thumbnail size-thumbnail\" alt=\"\" \/><\/a>\n\t\t\t<\/div><\/figure><figure class='gallery-item'>\n\t\t\t<div class='gallery-icon landscape'>\n\t\t\t\t<a href='https:\/\/globalmentalhealth.ch\/?attachment_id=523'><img loading=\"lazy\" decoding=\"async\" width=\"150\" height=\"150\" src=\"https:\/\/globalmentalhealth.ch\/wp-content\/uploads\/2020\/09\/IMG_3097-150x150.jpg\" class=\"attachment-thumbnail size-thumbnail\" alt=\"\" \/><\/a>\n\t\t\t<\/div><\/figure><figure class='gallery-item'>\n\t\t\t<div class='gallery-icon portrait'>\n\t\t\t\t<a href='https:\/\/globalmentalhealth.ch\/?attachment_id=522'><img loading=\"lazy\" decoding=\"async\" width=\"150\" height=\"150\" src=\"https:\/\/globalmentalhealth.ch\/wp-content\/uploads\/2020\/09\/IMG_3081b-150x150.jpg\" class=\"attachment-thumbnail size-thumbnail\" alt=\"\" \/><\/a>\n\t\t\t<\/div><\/figure><figure class='gallery-item'>\n\t\t\t<div class='gallery-icon landscape'>\n\t\t\t\t<a href='https:\/\/globalmentalhealth.ch\/?attachment_id=521'><img loading=\"lazy\" decoding=\"async\" width=\"150\" height=\"150\" src=\"https:\/\/globalmentalhealth.ch\/wp-content\/uploads\/2020\/09\/IMG_3055-150x150.jpg\" class=\"attachment-thumbnail size-thumbnail\" alt=\"\" \/><\/a>\n\t\t\t<\/div><\/figure><figure class='gallery-item'>\n\t\t\t<div class='gallery-icon landscape'>\n\t\t\t\t<a href='https:\/\/globalmentalhealth.ch\/?attachment_id=520'><img loading=\"lazy\" decoding=\"async\" width=\"150\" height=\"150\" src=\"https:\/\/globalmentalhealth.ch\/wp-content\/uploads\/2020\/09\/IMG_2986-150x150.jpg\" class=\"attachment-thumbnail size-thumbnail\" alt=\"\" \/><\/a>\n\t\t\t<\/div><\/figure>\n\t\t<\/div>\n\n<p><a href=\"https:\/\/globalmentalhealth.ch\/?attachment_id=399\" rel=\"attachment wp-att-399\"><img loading=\"lazy\" decoding=\"async\" class=\"alignnone size-medium wp-image-399\" src=\"https:\/\/globalmentalhealth.ch\/wp-content\/uploads\/2019\/03\/Bild_GINKO-272x300.jpg\" alt=\"\" width=\"272\" height=\"300\" srcset=\"https:\/\/globalmentalhealth.ch\/wp-content\/uploads\/2019\/03\/Bild_GINKO-272x300.jpg 272w, https:\/\/globalmentalhealth.ch\/wp-content\/uploads\/2019\/03\/Bild_GINKO.jpg 630w\" sizes=\"auto, (max-width: 272px) 100vw, 272px\" \/><\/a><\/p>\n<p>Die chinesische Medizin steht 2019 im Fokus und das Thema seelische Gesundheit eines Piloten- Erfahrungen und Tipps von einem sehr erfahrenen Piloten.<\/p>\n<p><a href=\"https:\/\/globalmentalhealth.ch\/?attachment_id=451\" rel=\"attachment wp-att-451\"><img loading=\"lazy\" decoding=\"async\" class=\"wp-image-451 alignnone\" src=\"https:\/\/globalmentalhealth.ch\/wp-content\/uploads\/2019\/09\/USA-Norden-IMG_0198-150x150.jpg\" alt=\"\" width=\"272\" height=\"272\" \/><\/a><\/p>\n<p>Die Musik stand 2018 im Fokus<\/p>\n<p><a href=\"https:\/\/globalmentalhealth.ch\/?attachment_id=168\" rel=\"attachment wp-att-168\"><img loading=\"lazy\" decoding=\"async\" class=\"alignnone  wp-image-168\" src=\"https:\/\/globalmentalhealth.ch\/wp-content\/uploads\/2018\/02\/Beethoven_2018-215x300.jpg\" alt=\"\" width=\"262\" height=\"366\" srcset=\"https:\/\/globalmentalhealth.ch\/wp-content\/uploads\/2018\/02\/Beethoven_2018-215x300.jpg 215w, https:\/\/globalmentalhealth.ch\/wp-content\/uploads\/2018\/02\/Beethoven_2018.jpg 316w\" sizes=\"auto, (max-width: 262px) 100vw, 262px\" \/><\/a><\/p>\n<p>Skulptur von H.Baerer (San Francisco)<\/p>\n<p><a href=\"https:\/\/www.zonerama.com\/Event25082017\/Album\/4625432\" rel=\"attachment wp-att-380\"><img loading=\"lazy\" decoding=\"async\" class=\"alignleft wp-image-380 size-medium\" src=\"https:\/\/globalmentalhealth.ch\/wp-content\/uploads\/2018\/09\/Banner_Anlass_12.09.2018-300x75.jpg\" alt=\"\" width=\"300\" height=\"75\" srcset=\"https:\/\/globalmentalhealth.ch\/wp-content\/uploads\/2018\/09\/Banner_Anlass_12.09.2018-300x75.jpg 300w, https:\/\/globalmentalhealth.ch\/wp-content\/uploads\/2018\/09\/Banner_Anlass_12.09.2018.jpg 708w\" sizes=\"auto, (max-width: 300px) 100vw, 300px\" \/><\/a><\/p>","protected":false},"excerpt":{"rendered":"<p>\u00a0 \u00a0 Beitrag des Vereins zum World Mental Health Day 2023 https:\/\/e.pcloud.link\/publink\/show?code=XZscgWZCRgt9hSWPhJADX9r8toSy0S5BsPy &#8212;&#8212;&#8212;&#8212;&#8212;&#8212;&#8212;&#8212;&#8212;&#8212;&#8212;&#8212;&#8212;&#8212;&#8212;&#8212;&#8212;&#8212;&#8212;&#8212;&#8212;&#8212;&#8212;&#8212;&#8212;&#8212;&#8212;&#8212;&#8212;&#8212;&#8212;&#8212;&#8212;&#8212;&#8212;&#8212;&#8212;&#8212;&#8211; Jahresevent 2023 im September 2023 zum Thema Frauengesundheit und Mental Health &#8212;&#8212;&#8212;&#8212;&#8212;&#8212;&#8212;&#8212;&#8212;&#8212;&#8212;&#8212;&#8212;&#8212;&#8212;&#8212;&#8212;&#8212;&#8212;&#8212;&#8212;&#8212;&#8212;&#8212;&#8212;&#8212;&#8212;&#8212;&#8212;&#8212;&#8212;&#8212;&#8212;&#8212;&#8212;&#8212;&#8212;&#8212;&#8211; &#8212;&#8212;&#8212;&#8212;&#8212;&#8212;&#8212;&#8212;&#8212;&#8212;&#8212;&#8212;&#8212;&#8212;&#8212;&#8212;&#8212;&#8212;&#8212;&#8212;&#8212;&#8212;&#8212;&#8212;&#8212;&#8212;&#8212;&#8212;&#8212;&#8212;&#8212;&#8212;&#8212;&#8212;&#8212;&#8212;&#8212;&#8212;&#8211; Wir werden die Veranstaltung am 28.05.2022 durchf\u00fchren. Bei Interesse bitte bei der Pr\u00e4sidentin melden. Das geplante Thema im Jahre 2021 war Komplement\u00e4rmedizin mit dem Schwerpunkt zur Hom\u00f6opathie und Mental [&hellip;]<\/p>\n","protected":false},"author":1,"featured_media":0,"parent":0,"menu_order":0,"comment_status":"closed","ping_status":"closed","template":"","meta":{"footnotes":""},"class_list":["post-41","page","type-page","status-publish","hentry"],"_links":{"self":[{"href":"https:\/\/globalmentalhealth.ch\/index.php?rest_route=\/wp\/v2\/pages\/41","targetHints":{"allow":["GET"]}}],"collection":[{"href":"https:\/\/globalmentalhealth.ch\/index.php?rest_route=\/wp\/v2\/pages"}],"about":[{"href":"https:\/\/globalmentalhealth.ch\/index.php?rest_route=\/wp\/v2\/types\/page"}],"author":[{"embeddable":true,"href":"https:\/\/globalmentalhealth.ch\/index.php?rest_route=\/wp\/v2\/users\/1"}],"replies":[{"embeddable":true,"href":"https:\/\/globalmentalhealth.ch\/index.php?rest_route=%2Fwp%2Fv2%2Fcomments&post=41"}],"version-history":[{"count":46,"href":"https:\/\/globalmentalhealth.ch\/index.php?rest_route=\/wp\/v2\/pages\/41\/revisions"}],"predecessor-version":[{"id":660,"href":"https:\/\/globalmentalhealth.ch\/index.php?rest_route=\/wp\/v2\/pages\/41\/revisions\/660"}],"wp:attachment":[{"href":"https:\/\/globalmentalhealth.ch\/index.php?rest_route=%2Fwp%2Fv2%2Fmedia&parent=41"}],"curies":[{"name":"wp","href":"https:\/\/api.w.org\/{rel}","templated":true}]}}