{"id":40,"date":"2018-01-31T19:55:22","date_gmt":"2018-01-31T19:55:22","guid":{"rendered":"https:\/\/globalmentalhealth.ch\/?page_id=40"},"modified":"2025-08-12T01:39:37","modified_gmt":"2025-08-12T01:39:37","slug":"support","status":"publish","type":"page","link":"https:\/\/globalmentalhealth.ch\/?page_id=40","title":{"rendered":"Support \/ Mitgliedschaft"},"content":{"rendered":"<p><noscript>Dieses Formular wird nur mit JavaScript korrekt dargestellt. Bitte schalten Sie JavaScript in Ihrem Browser ein!<br \/>\nAlle modernen Formulare benutzen JavasScript, um z.B. die Richtigkeit der Angaben zu kontrollieren. Alle Formular- Einstellungen dieses Formulars, koennen Sie in Ihren Account vornehmen: <a href='http:\/\/www.cmsfrog.de\/form_generator\/formular-generator.html' target='blank'>Formular Generator<\/<\/noscript><\/p>\n<p><strong>ANTRAG F\u00dcR MITGLIEDSCHAFT<\/strong><\/p>\n<p>Nat\u00fcrliche Einzelperson: CHF 60.00 \/ pro Jahr<strong><br \/>\n<\/strong><\/p>\n<p>Firmen (Einzelfirma, juristische Person): CHF 600.00 \/ pro Jahr<\/p>\n<div class=\"everest-forms\"><div class=\"evf-container layout-two\" id=\"evf-261\"><form id=\"evf-form-261\" class=\"everest-form\" data-formid=\"261\" data-ajax_submission=\"0\" data-keyboard_friendly_form=\"0\" data-form_state_type=\"\" method=\"post\" enctype=\"multipart\/form-data\" action=\"\/index.php?rest_route=%2Fwp%2Fv2%2Fpages%2F40\"><div class=\"evf-field-container\"><input type=\"hidden\" id=\"_wpnonce261\" name=\"_wpnonce261\" value=\"27a825427d\" \/><input type=\"hidden\" name=\"_wp_http_referer\" value=\"\/index.php?rest_route=%2Fwp%2Fv2%2Fpages%2F40\" \/><div class=\"evf-frontend-row\" data-row=\"row_1\" conditional_rules=\"[]\"><div class=\"evf-frontend-grid evf-grid-2\" data-grid=\"grid_1\"><div id=\"evf-261-field_lVizlNhYus-1-container\" class=\"evf-field evf-field-text form-row validate-required\" data-required-field-message=\"This field is required.\" data-field-id=\"lVizlNhYus-1\"><label class=\"evf-field-label\" for=\"evf-261-field_lVizlNhYus-1\"><span class=\"evf-label\">Name \/ Vorname<\/span> <abbr class=\"required\" title=\"Required\">*<\/abbr><\/label><input type=\"text\" id=\"evf-261-field_lVizlNhYus-1\" class=\"input-text\" name=\"everest_forms[form_fields][lVizlNhYus-1]\" required><\/div><div id=\"evf-261-field_T055G9RNSy-7-container\" class=\"evf-field evf-field-text form-row validate-required\" data-required-field-message=\"This field is required.\" data-field-id=\"T055G9RNSy-7\"><label class=\"evf-field-label\" for=\"evf-261-field_T055G9RNSy-7\"><span class=\"evf-label\">Adresse<\/span> <abbr class=\"required\" title=\"Required\">*<\/abbr><\/label><input type=\"text\" id=\"evf-261-field_T055G9RNSy-7\" class=\"input-text\" name=\"everest_forms[form_fields][T055G9RNSy-7]\" required><\/div><div id=\"evf-261-field_XYnMdkQDKM-3-container\" class=\"evf-field evf-field-email form-row validate-required validate-email\" data-required-field-message=\"Please enter a valid email address.\" data-field-id=\"XYnMdkQDKM-3\"><label class=\"evf-field-label\" for=\"evf-261-field_XYnMdkQDKM-3\"><span class=\"evf-label\">Email<\/span> <abbr class=\"required\" title=\"Required\">*<\/abbr><\/label><input type=\"email\" id=\"evf-261-field_XYnMdkQDKM-3\" class=\"input-text\" name=\"everest_forms[form_fields][XYnMdkQDKM-3]\" required ><\/div><div id=\"evf-261-field_V7YzzYSOFA-6-container\" class=\"evf-field evf-field-text form-row validate-required\" data-required-field-message=\"This field is required.\" data-field-id=\"V7YzzYSOFA-6\"><label class=\"evf-field-label\" for=\"evf-261-field_V7YzzYSOFA-6\"><span class=\"evf-label\">Telefonnummer<\/span> <abbr class=\"required\" title=\"Required\">*<\/abbr><\/label><input type=\"text\" id=\"evf-261-field_V7YzzYSOFA-6\" class=\"input-text\" name=\"everest_forms[form_fields][V7YzzYSOFA-6]\" required><\/div><div id=\"evf-261-field_xJivsqAS2c-2-container\" class=\"evf-field evf-field-text form-row validate-required\" data-required-field-message=\"This field is required.\" data-field-id=\"xJivsqAS2c-2\"><label class=\"evf-field-label\" for=\"evf-261-field_xJivsqAS2c-2\"><span class=\"evf-label\">Betrifft<\/span> <abbr class=\"required\" title=\"Required\">*<\/abbr><\/label><input type=\"text\" id=\"evf-261-field_xJivsqAS2c-2\" class=\"input-text\" name=\"everest_forms[form_fields][xJivsqAS2c-2]\" required><\/div><div id=\"evf-261-field_YalaPcQ0DO-4-container\" class=\"evf-field evf-field-textarea form-row\" data-field-id=\"YalaPcQ0DO-4\"><label class=\"evf-field-label\" for=\"evf-261-field_YalaPcQ0DO-4\"><span class=\"evf-label\">Mitteilung<\/span> <\/label><textarea id=\"evf-261-field_YalaPcQ0DO-4\" class=\"input-text\" name=\"everest_forms[form_fields][YalaPcQ0DO-4]\"  ><\/textarea><\/div><div id=\"evf-261-field_nOT79oiNRB-8-container\" class=\"evf-field evf-field-select form-row\" data-field-id=\"nOT79oiNRB-8\"><label class=\"evf-field-label\" for=\"evf-261-field_nOT79oiNRB-8\"><span class=\"evf-label\">Antrag auf Mitgliedschaft<\/span> <\/label><select id=\"evf-261-field_nOT79oiNRB-8\" class=\"input-text\" name=\"everest_forms[form_fields][nOT79oiNRB-8]\" ><option value=\"nat\u00fcrliche Einzelperson: SFR 60.00 pro Jahr\" >nat\u00fcrliche Einzelperson: SFR 60.00 pro Jahr<\/option><option value=\"Firmen (Einzelfirma, juristische Person: SFR 600.00 pro Jahr\" >Firmen (Einzelfirma, juristische Person: SFR 600.00 pro Jahr<\/option><\/select><\/div><\/div><div class=\"evf-frontend-grid evf-grid-2\" data-grid=\"grid_2\"><\/div><\/div><\/div><div class=\"evf-submit-container \" ><input type=\"hidden\" name=\"everest_forms[id]\" value=\"261\"><input type=\"hidden\" name=\"everest_forms[author]\" value=\"1\"><button type='submit' name='everest_forms[submit]' class='everest-forms-submit-button button evf-submit ' id='evf-submit-261' value='evf-submit' data-process-text=\"Processing&hellip;\" conditional_rules='&quot;&quot;' conditional_id='evf-submit-261'  id=\"evf-submit-261\" aria-live=\"assertive\">Submit<\/button><\/div><\/form><\/div><!-- .evf-container --><\/div>\n<p><strong><span lang=\"de\"><span class=\"style25\">SPENDEN<\/span><\/span><\/strong><\/p>\n<p class=\"style17\"><span lang=\"de\"><span class=\"style25\">Der Verein ist auf Spenden und Sponsorenbeitr\u00e4ge angewiesen. Unterst\u00fctzen auch Sie den Verein mit einer Spende, um das Wissen \u00fcber psychische Gesundheit verbessern und Vernetzungen zu lancieren.<\/span><\/span><\/p>\n<p class=\"style17\"><span lang=\"de\"><span class=\"style25\">Wir danken allen, die uns unterst\u00fctzen.<\/span><\/span><\/p>\n<p class=\"style17\"><span lang=\"de\"><span class=\"style25\"><em>Verwendung einer Spende von CHF 20.-<\/em><\/span><\/span><\/p>\n<p class=\"style17\"><span lang=\"de\"><span class=\"style19\">CHF 17.00 werden f\u00fcr den eigentlichen Auftrag verwendet<\/span><\/span><\/p>\n<p class=\"style17\"><span lang=\"de\">CHF\u00a0\u00a0 1.50 werden f\u00fcr die Kommunikation, die Mittelbeschaffung und die Akquisition von Unterst\u00fctzern \/ Spendern verwendet<\/span><\/p>\n<p class=\"style17\"><span lang=\"de\">CHF\u00a0\u00a0 1.50 werden den Reserven zugewiesen<\/span><\/p>\n<p class=\"style17\">\n<p class=\"style17\">\n<p><strong>Konto<\/strong><\/p>\n<p>Empf\u00e4nger: Verein f\u00fcr psychische Gesundheit- globale psychische Gesundheit<\/p>\n<p>Bank: <em> PostFinance<\/em><\/p>\n<p>Konto: 89-629291-8<\/p>\n<p>IBAN: CH 88 0900 0000 8962 9291 8<\/p>\n<p>BIC:<\/p>\n<p>POFICHBEXXX<\/p>\n","protected":false},"excerpt":{"rendered":"<p>Dieses Formular wird nur mit JavaScript korrekt dargestellt. Bitte schalten Sie JavaScript in Ihrem Browser ein! Alle modernen Formulare benutzen JavasScript, um z.B. die Richtigkeit der Angaben zu kontrollieren. Alle Formular- Einstellungen dieses Formulars, koennen Sie in Ihren Account vornehmen: Formular Generator<\/p>\n","protected":false},"author":1,"featured_media":0,"parent":0,"menu_order":0,"comment_status":"closed","ping_status":"closed","template":"","meta":{"footnotes":""},"class_list":["post-40","page","type-page","status-publish","hentry"],"_links":{"self":[{"href":"https:\/\/globalmentalhealth.ch\/index.php?rest_route=\/wp\/v2\/pages\/40","targetHints":{"allow":["GET"]}}],"collection":[{"href":"https:\/\/globalmentalhealth.ch\/index.php?rest_route=\/wp\/v2\/pages"}],"about":[{"href":"https:\/\/globalmentalhealth.ch\/index.php?rest_route=\/wp\/v2\/types\/page"}],"author":[{"embeddable":true,"href":"https:\/\/globalmentalhealth.ch\/index.php?rest_route=\/wp\/v2\/users\/1"}],"replies":[{"embeddable":true,"href":"https:\/\/globalmentalhealth.ch\/index.php?rest_route=%2Fwp%2Fv2%2Fcomments&post=40"}],"version-history":[{"count":23,"href":"https:\/\/globalmentalhealth.ch\/index.php?rest_route=\/wp\/v2\/pages\/40\/revisions"}],"predecessor-version":[{"id":645,"href":"https:\/\/globalmentalhealth.ch\/index.php?rest_route=\/wp\/v2\/pages\/40\/revisions\/645"}],"wp:attachment":[{"href":"https:\/\/globalmentalhealth.ch\/index.php?rest_route=%2Fwp%2Fv2%2Fmedia&parent=40"}],"curies":[{"name":"wp","href":"https:\/\/api.w.org\/{rel}","templated":true}]}}