{"id":35,"date":"2018-01-31T19:55:21","date_gmt":"2018-01-31T19:55:21","guid":{"rendered":"https:\/\/globalmentalhealth.ch\/?page_id=35"},"modified":"2025-08-12T01:36:55","modified_gmt":"2025-08-12T01:36:55","slug":"verein-2","status":"publish","type":"page","link":"https:\/\/globalmentalhealth.ch\/?page_id=35","title":{"rendered":"Verein"},"content":{"rendered":"<p class=\"style26\"><span class=\"style25\" lang=\"de\"><strong>Vereinsleitung<\/strong><\/span><\/p>\n<table style=\"height: 112px;\" width=\"467\">\n<tbody>\n<tr>\n<td style=\"width: 225.5px;\">\n<p><figure id=\"attachment_549\" aria-describedby=\"caption-attachment-549\" style=\"width: 200px\" class=\"wp-caption alignleft\"><a href=\"https:\/\/globalmentalhealth.ch\/?attachment_id=549\" rel=\"attachment wp-att-549\"><img loading=\"lazy\" decoding=\"async\" class=\"wp-image-549\" src=\"https:\/\/globalmentalhealth.ch\/wp-content\/uploads\/2021\/06\/Portrait_Sabine_Baehrer.jpg\" alt=\"\" width=\"200\" height=\"200\" srcset=\"https:\/\/globalmentalhealth.ch\/wp-content\/uploads\/2021\/06\/Portrait_Sabine_Baehrer.jpg 768w, https:\/\/globalmentalhealth.ch\/wp-content\/uploads\/2021\/06\/Portrait_Sabine_Baehrer-300x300.jpg 300w, https:\/\/globalmentalhealth.ch\/wp-content\/uploads\/2021\/06\/Portrait_Sabine_Baehrer-150x150.jpg 150w\" sizes=\"auto, (max-width: 200px) 100vw, 200px\" \/><\/a><figcaption id=\"caption-attachment-549\" class=\"wp-caption-text\">Prof. Dr. Sabine B\u00e4hrer-Kohler (Pr\u00e4sidentin) President-elect World Federation For Mental Health (2023-2025) President World Federation For Mental Health (2025-2027)<\/figcaption><\/figure><\/td>\n<td style=\"width: 225.5px;\">\n<figure id=\"attachment_241\" aria-describedby=\"caption-attachment-241\" style=\"width: 163px\" class=\"wp-caption alignleft\"><img loading=\"lazy\" decoding=\"async\" class=\"wp-image-241\" src=\"https:\/\/globalmentalhealth.ch\/wp-content\/uploads\/2018\/02\/S.Liebs_.png\" alt=\"\" width=\"163\" height=\"200\" \/><figcaption id=\"caption-attachment-241\" class=\"wp-caption-text\">Susanne Liebs (Kassiererin)<\/figcaption><\/figure>\n<p>\u200b<\/td>\n<\/tr>\n<tr>\n<td style=\"width: 225.5px;\">\u200b<\/td>\n<td style=\"width: 225.5px;\">\u200b<\/p>\n<p><figure id=\"attachment_239\" aria-describedby=\"caption-attachment-239\" style=\"width: 163px\" class=\"wp-caption alignleft\"><img loading=\"lazy\" decoding=\"async\" class=\"wp-image-239\" src=\"https:\/\/globalmentalhealth.ch\/wp-content\/uploads\/2018\/02\/Pittard.jpg\" alt=\"\" width=\"163\" height=\"200\" \/><figcaption id=\"caption-attachment-239\" class=\"wp-caption-text\">Irma Pittard\u200b<\/figcaption><\/figure><\/td>\n<\/tr>\n<\/tbody>\n<\/table>\n<p><strong>Struktur Verein<\/strong><\/p>\n<p class=\"style25\">Der Verein ist gemeinn\u00fctzig und nicht-profitorientiert.<\/p>\n<h2 class=\"style26\"><a href=\"https:\/\/globalmentalhealth.ch\/?attachment_id=228\" rel=\"attachment wp-att-228\"><img loading=\"lazy\" decoding=\"async\" class=\"alignnone size-medium wp-image-228\" src=\"https:\/\/globalmentalhealth.ch\/wp-content\/uploads\/2018\/02\/Bild_Struktur-300x295.png\" alt=\"\" width=\"300\" height=\"295\" srcset=\"https:\/\/globalmentalhealth.ch\/wp-content\/uploads\/2018\/02\/Bild_Struktur-300x295.png 300w, https:\/\/globalmentalhealth.ch\/wp-content\/uploads\/2018\/02\/Bild_Struktur.png 581w\" sizes=\"auto, (max-width: 300px) 100vw, 300px\" \/><\/a><\/h2>\n<p><span class=\"style27\"><span lang=\"de\">1. Treuh\u00e4nderin: Frau Susanne Liebs &#8211; Schweiz<br \/>\n2. Treuh\u00e4nderin: Frau Agathe Koehler &#8211; Frankreich<br \/>\nWebmaster: Herrn Fabian Coulot &#8211; Schweiz<\/span><\/span><\/p>\n<p class=\"style26\"><span lang=\"de\">Der Vereinsvorstand dankt Ihnen sehr herzlich f\u00fcr Ihre ehrenamtliche Mitarbeit.<\/span><\/p>\n","protected":false},"excerpt":{"rendered":"<p>Vereinsleitung \u200b \u200b \u200b Struktur Verein Der Verein ist gemeinn\u00fctzig und nicht-profitorientiert. 1. Treuh\u00e4nderin: Frau Susanne Liebs &#8211; Schweiz 2. Treuh\u00e4nderin: Frau Agathe Koehler &#8211; Frankreich Webmaster: Herrn Fabian Coulot &#8211; Schweiz Der Vereinsvorstand dankt Ihnen sehr herzlich f\u00fcr Ihre ehrenamtliche Mitarbeit.<\/p>\n","protected":false},"author":1,"featured_media":0,"parent":0,"menu_order":0,"comment_status":"closed","ping_status":"closed","template":"","meta":{"footnotes":""},"class_list":["post-35","page","type-page","status-publish","hentry"],"_links":{"self":[{"href":"https:\/\/globalmentalhealth.ch\/index.php?rest_route=\/wp\/v2\/pages\/35","targetHints":{"allow":["GET"]}}],"collection":[{"href":"https:\/\/globalmentalhealth.ch\/index.php?rest_route=\/wp\/v2\/pages"}],"about":[{"href":"https:\/\/globalmentalhealth.ch\/index.php?rest_route=\/wp\/v2\/types\/page"}],"author":[{"embeddable":true,"href":"https:\/\/globalmentalhealth.ch\/index.php?rest_route=\/wp\/v2\/users\/1"}],"replies":[{"embeddable":true,"href":"https:\/\/globalmentalhealth.ch\/index.php?rest_route=%2Fwp%2Fv2%2Fcomments&post=35"}],"version-history":[{"count":18,"href":"https:\/\/globalmentalhealth.ch\/index.php?rest_route=\/wp\/v2\/pages\/35\/revisions"}],"predecessor-version":[{"id":643,"href":"https:\/\/globalmentalhealth.ch\/index.php?rest_route=\/wp\/v2\/pages\/35\/revisions\/643"}],"wp:attachment":[{"href":"https:\/\/globalmentalhealth.ch\/index.php?rest_route=%2Fwp%2Fv2%2Fmedia&parent=35"}],"curies":[{"name":"wp","href":"https:\/\/api.w.org\/{rel}","templated":true}]}}